{"id":584,"date":"2026-02-16T12:28:12","date_gmt":"2026-02-16T12:28:12","guid":{"rendered":"https:\/\/www.mavricna-sepetanja.si\/?post_type=product&#038;p=584"},"modified":"2026-03-28T05:44:50","modified_gmt":"2026-03-28T05:44:50","slug":"to-ni-delavnica-to-je-nepozabno-dozivetje","status":"publish","type":"product","link":"https:\/\/www.mavricna-sepetanja.si\/en\/product\/to-ni-delavnica-to-je-nepozabno-dozivetje\/","title":{"rendered":"TO NI DELAVNICA, TO JE NEPOZABNO DO\u017dIVETJE"},"content":{"rendered":"<h2>KDO VAS BO POPELJAL SKOZI IZKU\u0160NJO?<\/h2>\n<table border=\"0\" width=\"100%\" cellpadding=\"20\">\n<tbody>\n<tr>\n<td align=\"center\" valign=\"top\" width=\"33%\"><img decoding=\"async\" style=\"border-radius: 50%;\" src=\"https:\/\/www.mavricna-sepetanja.si\/wp-content\/uploads\/2026\/02\/Messenger_creation_D07BC876-13C5-4CF9-A00F-4BFCDCEEDBEF-2.jpeg\" width=\"150\" height=\"150\" \/><\/p>\n<h3>Jelka Zorman<\/h3>\n<p>Energetska reprogramerka in Terapevtka za zdravo \u017eivljenje<\/td>\n<td align=\"center\" valign=\"top\" width=\"33%\"><img decoding=\"async\" style=\"border-radius: 50%;\" src=\"https:\/\/www.mavricna-sepetanja.si\/wp-content\/uploads\/2026\/02\/Messenger_creation_38E7C93A-FCE3-4E31-BA13-2E38C81A70C9.jpeg\" width=\"150\" height=\"150\" \/><\/p>\n<h3>Drago Zorman<\/h3>\n<p>Terapevt za zdravo in Kakovostno \u017eivljenje.<\/td>\n<td align=\"center\" valign=\"top\" width=\"33%\"><img decoding=\"async\" style=\"border-radius: 50%;\" src=\"https:\/\/www.mavricna-sepetanja.si\/wp-content\/uploads\/2026\/02\/Messenger_creation_12090050-7F51-4424-9772-3D3660332B41-e1771248263976.jpeg\" width=\"150\" height=\"150\" \/><\/p>\n<h3>Jana Modrijan<\/h3>\n<p>LifeCoach, avtorica knjig, Raziskovalka duhovne in zavestne izbire.<\/td>\n<\/tr>\n<\/tbody>\n<\/table>\n<p>&nbsp;<\/p>\n<hr \/>\n<h2>KAJ BOSTE DO\u017dIVELI?<\/h2>\n<ul>\n<li><b>Jana Modrijan<\/b> bo v \u017eivo delila svojo osebno zgodbo in vas vodila skozi tehnike iz knjige POVEZANA<\/li>\n<li>Kako prepoznati blokade in jih odpraviti<\/li>\n<li>Kaj je <b>INTUICIJA<\/b> in kako jo zavestno uporabljati v vsakdanjem \u017eivljenju.<\/li>\n<li><b>\u010cUDE\u017dNO FORMULO<\/b>, ki pozna re\u0161itev, ko ne ve\u0161 ve\u010d kako naprej<\/li>\n<li><b>MAGNETIZEM<\/b>, ko se \u017elica prilepi na telo in ostane\u0161 brez besed<\/li>\n<li><b>LEVITACIJO<\/b> \u2013 mo\u010d povezave in energije, ko vidi\u0161 osebo dvignjeno pol metra od tal.<\/li>\n<\/ul>\n<p>&nbsp;<\/p>\n<h3>ZAKAJ PRITI?<\/h3>\n<p>Ker boste kon\u010dno razumeli, zakaj se vam v \u017eivljenju nekatere stvari ne izidejo, \u010deprav se trudite.<br \/>\nOhranjanje \u017elice na telesu ni trik, je izraz energije. Je pokazatelj, kje v vas prebiva mo\u010d manifestacije.<br \/>\n<b>Prebudili bomo srce.<\/b> Kadar je srce zaprto, bo\u017eansko v nas ne more \u017eiveti.<br \/>\nKo prebudimo srce, prebudimo bo\u017eansko v sebi. IN takrat je vse mogo\u010de.<\/p>\n<p><b>DOBIMO SE NA DAN ZMAGE, V SOBOTO 9. MAJA, OB 9.00<\/b><\/p>\n<p>S seboj prinesite radovednost, odprta srca in dobro voljo, oblecite se udobno.<br \/>\nMed pavzo bo na voljo prigrizek, sadje in voda.<br \/>\n<i>Priporo\u010damo, da ste ta dan na lahki prehrani za bolj\u0161o preto\u010dnost.<\/i><\/p>\n<table width=\"100%\" cellpadding=\"30\" bgcolor=\"#f4f4f4\">\n<tbody>\n<tr>\n<td align=\"center\">\n<h2>PRIJAVA IN REZERVACIJA<\/h2>\n<p>Tvoje mesto na delavnici te \u010daka.<\/p>\n<p><b>Za rezervacijo poravna\u0161 130 EUR akontacije,<br \/>\npreostanek 130 EUR pla\u010da\u0161 v gotovini na dan dogodka.<\/b><\/p>\n<p>Celotna investicija je 260 EUR.<\/p>\n<p>Po oddani prijavi in pla\u010dilu 130 EUR je tvoje mesto zagotovljeno.<\/p>\n<hr width=\"50%\" \/>\n<p><small>V primeru neudele\u017ebe se akontacija (130 EUR) ne vra\u010da, saj je namenjena organizaciji dogodka.<\/small><\/td>\n<\/tr>\n<\/tbody>\n<\/table>","protected":false},"excerpt":{"rendered":"<p><b>TO NI DELAVNICA,<\/b><\/p>\n<h5>TO JE NEPOZABNO DO\u017dIVETJE.<\/h5>\n<p><i>Ko glava ve KAM, srce pa KAKO.<\/i><\/p>\n<hr \/>\n<p><strong><span style=\"font-size: large;\">Sobota, 9. maj 2026 9.00 \u2013 17.00 <\/span><\/strong><\/p>\n<p><span style=\"font-size: large;\">KULTURNI DOM GROBLJE, GROBLJE 1, 1230 DOM\u017dALE<\/span><\/p>\n<p><span style=\"font-size: large;\">Ko se pove\u017eejo tri du\u0161e, trije terapevti in prostor, <\/span><span style=\"font-size: large;\">kjer je vse mogo\u010de. <\/span><\/p>\n<p><span style=\"font-size: large;\">Z vami bomo: Jelka, Drago in Jana. <\/span><\/p>\n<p><span style=\"font-size: large;\">To ni klasi\u010dna delavnica. To je izku\u0161nja, po kateri boste imeli ob\u010dutek, kot da bi vas nau\u010dili \u010darati. <\/span><\/p>\n<p><span style=\"font-size: large;\">\u0160tevilo mest je omejeno. <\/span><\/p>\n<p><strong><span style=\"font-size: large;\">REZERVIRAJ SVOJE MESTO <\/span><\/strong><\/p>\n<p><span style=\"font-size: large;\">Po tem dnevu boste na \u017eivljenje gledali druga\u010de. Imeli boste ob\u010dutek, kot da je vse mogo\u010de.<\/span><b><\/b><\/p>","protected":false},"featured_media":592,"comment_status":"closed","ping_status":"closed","template":"","meta":[],"product_brand":[],"product_cat":[36,37],"product_tag":[],"class_list":{"0":"post-584","1":"product","2":"type-product","3":"status-publish","4":"has-post-thumbnail","6":"product_cat-dogodki","7":"product_cat-izdelki","8":"product_shipping_class-brezplacna-postnina","10":"first","11":"instock","12":"virtual","13":"purchasable","14":"product-type-simple"},"yoast_head":"<!-- This site is optimized with the Yoast SEO plugin v26.2 - https:\/\/yoast.com\/wordpress\/plugins\/seo\/ -->\n<title>TO NI DELAVNICA, TO JE NEPOZABNO DO\u017dIVETJE - Jana Modrijan<\/title>\n<meta name=\"robots\" content=\"index, follow, max-snippet:-1, max-image-preview:large, max-video-preview:-1\" \/>\n<link rel=\"canonical\" href=\"https:\/\/www.mavricna-sepetanja.si\/en\/product\/to-ni-delavnica-to-je-nepozabno-dozivetje\/\" \/>\n<meta property=\"og:locale\" content=\"en_US\" \/>\n<meta property=\"og:type\" content=\"article\" \/>\n<meta property=\"og:title\" content=\"TO NI DELAVNICA, TO JE NEPOZABNO DO\u017dIVETJE - Jana Modrijan\" \/>\n<meta property=\"og:description\" content=\"TO NI DELAVNICA, TO JE NEPOZABNO DO\u017dIVETJE. Ko glava ve KAM, srce pa KAKO.    Sobota, 9. maj 2026 9.00 \u2013 17.00   KULTURNI DOM GROBLJE, GROBLJE 1, 1230 DOM\u017dALE  Ko se pove\u017eejo tri du\u0161e, trije terapevti in prostor, kjer je vse mogo\u010de.   Z vami bomo: Jelka, Drago in Jana.   To ni klasi\u010dna delavnica. To je izku\u0161nja, po kateri boste imeli ob\u010dutek, kot da bi vas nau\u010dili \u010darati.   \u0160tevilo mest je omejeno.   REZERVIRAJ SVOJE MESTO   Po tem dnevu boste na \u017eivljenje gledali druga\u010de. Imeli boste ob\u010dutek, kot da je vse mogo\u010de.\" \/>\n<meta property=\"og:url\" content=\"https:\/\/www.mavricna-sepetanja.si\/en\/product\/to-ni-delavnica-to-je-nepozabno-dozivetje\/\" \/>\n<meta property=\"og:site_name\" content=\"Jana Modrijan\" \/>\n<meta property=\"article:modified_time\" content=\"2026-03-28T05:44:50+00:00\" \/>\n<meta property=\"og:image\" content=\"https:\/\/www.mavricna-sepetanja.si\/wp-content\/uploads\/2026\/02\/1.jpg\" \/>\n\t<meta property=\"og:image:width\" content=\"1814\" \/>\n\t<meta property=\"og:image:height\" content=\"2268\" \/>\n\t<meta property=\"og:image:type\" content=\"image\/jpeg\" \/>\n<meta name=\"twitter:card\" content=\"summary_large_image\" \/>\n<meta name=\"twitter:label1\" content=\"Est. reading time\" \/>\n\t<meta name=\"twitter:data1\" content=\"3 minutes\" \/>\n<script type=\"application\/ld+json\" class=\"yoast-schema-graph\">{\"@context\":\"https:\/\/schema.org\",\"@graph\":[{\"@type\":\"WebPage\",\"@id\":\"https:\/\/www.mavricna-sepetanja.si\/izdelek\/to-ni-delavnica-to-je-nepozabno-dozivetje\/\",\"url\":\"https:\/\/www.mavricna-sepetanja.si\/izdelek\/to-ni-delavnica-to-je-nepozabno-dozivetje\/\",\"name\":\"TO NI DELAVNICA, TO JE NEPOZABNO DO\u017dIVETJE - Jana Modrijan\",\"isPartOf\":{\"@id\":\"https:\/\/www.mavricna-sepetanja.si\/#website\"},\"primaryImageOfPage\":{\"@id\":\"https:\/\/www.mavricna-sepetanja.si\/izdelek\/to-ni-delavnica-to-je-nepozabno-dozivetje\/#primaryimage\"},\"image\":{\"@id\":\"https:\/\/www.mavricna-sepetanja.si\/izdelek\/to-ni-delavnica-to-je-nepozabno-dozivetje\/#primaryimage\"},\"thumbnailUrl\":\"https:\/\/www.mavricna-sepetanja.si\/wp-content\/uploads\/2026\/02\/1.jpg\",\"datePublished\":\"2026-02-16T12:28:12+00:00\",\"dateModified\":\"2026-03-28T05:44:50+00:00\",\"breadcrumb\":{\"@id\":\"https:\/\/www.mavricna-sepetanja.si\/izdelek\/to-ni-delavnica-to-je-nepozabno-dozivetje\/#breadcrumb\"},\"inLanguage\":\"en-US\",\"potentialAction\":[{\"@type\":\"ReadAction\",\"target\":[\"https:\/\/www.mavricna-sepetanja.si\/izdelek\/to-ni-delavnica-to-je-nepozabno-dozivetje\/\"]}]},{\"@type\":\"ImageObject\",\"inLanguage\":\"en-US\",\"@id\":\"https:\/\/www.mavricna-sepetanja.si\/izdelek\/to-ni-delavnica-to-je-nepozabno-dozivetje\/#primaryimage\",\"url\":\"https:\/\/www.mavricna-sepetanja.si\/wp-content\/uploads\/2026\/02\/1.jpg\",\"contentUrl\":\"https:\/\/www.mavricna-sepetanja.si\/wp-content\/uploads\/2026\/02\/1.jpg\",\"width\":1814,\"height\":2268},{\"@type\":\"BreadcrumbList\",\"@id\":\"https:\/\/www.mavricna-sepetanja.si\/izdelek\/to-ni-delavnica-to-je-nepozabno-dozivetje\/#breadcrumb\",\"itemListElement\":[{\"@type\":\"ListItem\",\"position\":1,\"name\":\"Home\",\"item\":\"https:\/\/www.mavricna-sepetanja.si\/\"},{\"@type\":\"ListItem\",\"position\":2,\"name\":\"Trgovina\",\"item\":\"https:\/\/www.mavricna-sepetanja.si\/trgovina\/\"},{\"@type\":\"ListItem\",\"position\":3,\"name\":\"TO NI DELAVNICA, TO JE NEPOZABNO DO\u017dIVETJE\"}]},{\"@type\":\"WebSite\",\"@id\":\"https:\/\/www.mavricna-sepetanja.si\/#website\",\"url\":\"https:\/\/www.mavricna-sepetanja.si\/\",\"name\":\"Jana Modrijan\",\"description\":\"Pot nazaj k sebi.\",\"potentialAction\":[{\"@type\":\"SearchAction\",\"target\":{\"@type\":\"EntryPoint\",\"urlTemplate\":\"https:\/\/www.mavricna-sepetanja.si\/?s={search_term_string}\"},\"query-input\":{\"@type\":\"PropertyValueSpecification\",\"valueRequired\":true,\"valueName\":\"search_term_string\"}}],\"inLanguage\":\"en-US\"}]}<\/script>\n<!-- \/ Yoast SEO plugin. -->","yoast_head_json":{"title":"TO NI DELAVNICA, TO JE NEPOZABNO DO\u017dIVETJE - Jana Modrijan","robots":{"index":"index","follow":"follow","max-snippet":"max-snippet:-1","max-image-preview":"max-image-preview:large","max-video-preview":"max-video-preview:-1"},"canonical":"https:\/\/www.mavricna-sepetanja.si\/en\/product\/to-ni-delavnica-to-je-nepozabno-dozivetje\/","og_locale":"en_US","og_type":"article","og_title":"TO NI DELAVNICA, TO JE NEPOZABNO DO\u017dIVETJE - Jana Modrijan","og_description":"TO NI DELAVNICA, TO JE NEPOZABNO DO\u017dIVETJE. Ko glava ve KAM, srce pa KAKO.    Sobota, 9. maj 2026 9.00 \u2013 17.00   KULTURNI DOM GROBLJE, GROBLJE 1, 1230 DOM\u017dALE  Ko se pove\u017eejo tri du\u0161e, trije terapevti in prostor, kjer je vse mogo\u010de.   Z vami bomo: Jelka, Drago in Jana.   To ni klasi\u010dna delavnica. To je izku\u0161nja, po kateri boste imeli ob\u010dutek, kot da bi vas nau\u010dili \u010darati.   \u0160tevilo mest je omejeno.   REZERVIRAJ SVOJE MESTO   Po tem dnevu boste na \u017eivljenje gledali druga\u010de. Imeli boste ob\u010dutek, kot da je vse mogo\u010de.","og_url":"https:\/\/www.mavricna-sepetanja.si\/en\/product\/to-ni-delavnica-to-je-nepozabno-dozivetje\/","og_site_name":"Jana Modrijan","article_modified_time":"2026-03-28T05:44:50+00:00","og_image":[{"width":1814,"height":2268,"url":"https:\/\/www.mavricna-sepetanja.si\/wp-content\/uploads\/2026\/02\/1.jpg","type":"image\/jpeg"}],"twitter_card":"summary_large_image","twitter_misc":{"Est. reading time":"3 minutes"},"schema":{"@context":"https:\/\/schema.org","@graph":[{"@type":"WebPage","@id":"https:\/\/www.mavricna-sepetanja.si\/izdelek\/to-ni-delavnica-to-je-nepozabno-dozivetje\/","url":"https:\/\/www.mavricna-sepetanja.si\/izdelek\/to-ni-delavnica-to-je-nepozabno-dozivetje\/","name":"TO NI DELAVNICA, TO JE NEPOZABNO DO\u017dIVETJE - Jana Modrijan","isPartOf":{"@id":"https:\/\/www.mavricna-sepetanja.si\/#website"},"primaryImageOfPage":{"@id":"https:\/\/www.mavricna-sepetanja.si\/izdelek\/to-ni-delavnica-to-je-nepozabno-dozivetje\/#primaryimage"},"image":{"@id":"https:\/\/www.mavricna-sepetanja.si\/izdelek\/to-ni-delavnica-to-je-nepozabno-dozivetje\/#primaryimage"},"thumbnailUrl":"https:\/\/www.mavricna-sepetanja.si\/wp-content\/uploads\/2026\/02\/1.jpg","datePublished":"2026-02-16T12:28:12+00:00","dateModified":"2026-03-28T05:44:50+00:00","breadcrumb":{"@id":"https:\/\/www.mavricna-sepetanja.si\/izdelek\/to-ni-delavnica-to-je-nepozabno-dozivetje\/#breadcrumb"},"inLanguage":"en-US","potentialAction":[{"@type":"ReadAction","target":["https:\/\/www.mavricna-sepetanja.si\/izdelek\/to-ni-delavnica-to-je-nepozabno-dozivetje\/"]}]},{"@type":"ImageObject","inLanguage":"en-US","@id":"https:\/\/www.mavricna-sepetanja.si\/izdelek\/to-ni-delavnica-to-je-nepozabno-dozivetje\/#primaryimage","url":"https:\/\/www.mavricna-sepetanja.si\/wp-content\/uploads\/2026\/02\/1.jpg","contentUrl":"https:\/\/www.mavricna-sepetanja.si\/wp-content\/uploads\/2026\/02\/1.jpg","width":1814,"height":2268},{"@type":"BreadcrumbList","@id":"https:\/\/www.mavricna-sepetanja.si\/izdelek\/to-ni-delavnica-to-je-nepozabno-dozivetje\/#breadcrumb","itemListElement":[{"@type":"ListItem","position":1,"name":"Home","item":"https:\/\/www.mavricna-sepetanja.si\/"},{"@type":"ListItem","position":2,"name":"Trgovina","item":"https:\/\/www.mavricna-sepetanja.si\/trgovina\/"},{"@type":"ListItem","position":3,"name":"TO NI DELAVNICA, TO JE NEPOZABNO DO\u017dIVETJE"}]},{"@type":"WebSite","@id":"https:\/\/www.mavricna-sepetanja.si\/#website","url":"https:\/\/www.mavricna-sepetanja.si\/","name":"Jana Modrijan","description":"Pot nazaj k sebi.","potentialAction":[{"@type":"SearchAction","target":{"@type":"EntryPoint","urlTemplate":"https:\/\/www.mavricna-sepetanja.si\/?s={search_term_string}"},"query-input":{"@type":"PropertyValueSpecification","valueRequired":true,"valueName":"search_term_string"}}],"inLanguage":"en-US"}]}},"_links":{"self":[{"href":"https:\/\/www.mavricna-sepetanja.si\/en\/wp-json\/wp\/v2\/product\/584","targetHints":{"allow":["GET"]}}],"collection":[{"href":"https:\/\/www.mavricna-sepetanja.si\/en\/wp-json\/wp\/v2\/product"}],"about":[{"href":"https:\/\/www.mavricna-sepetanja.si\/en\/wp-json\/wp\/v2\/types\/product"}],"replies":[{"embeddable":true,"href":"https:\/\/www.mavricna-sepetanja.si\/en\/wp-json\/wp\/v2\/comments?post=584"}],"version-history":[{"count":6,"href":"https:\/\/www.mavricna-sepetanja.si\/en\/wp-json\/wp\/v2\/product\/584\/revisions"}],"predecessor-version":[{"id":988,"href":"https:\/\/www.mavricna-sepetanja.si\/en\/wp-json\/wp\/v2\/product\/584\/revisions\/988"}],"wp:featuredmedia":[{"embeddable":true,"href":"https:\/\/www.mavricna-sepetanja.si\/en\/wp-json\/wp\/v2\/media\/592"}],"wp:attachment":[{"href":"https:\/\/www.mavricna-sepetanja.si\/en\/wp-json\/wp\/v2\/media?parent=584"}],"wp:term":[{"taxonomy":"product_brand","embeddable":true,"href":"https:\/\/www.mavricna-sepetanja.si\/en\/wp-json\/wp\/v2\/product_brand?post=584"},{"taxonomy":"product_cat","embeddable":true,"href":"https:\/\/www.mavricna-sepetanja.si\/en\/wp-json\/wp\/v2\/product_cat?post=584"},{"taxonomy":"product_tag","embeddable":true,"href":"https:\/\/www.mavricna-sepetanja.si\/en\/wp-json\/wp\/v2\/product_tag?post=584"}],"curies":[{"name":"wp","href":"https:\/\/api.w.org\/{rel}","templated":true}]}}