{"id":486,"date":"2025-12-17T08:47:51","date_gmt":"2025-12-17T08:47:51","guid":{"rendered":"https:\/\/www.mavricna-sepetanja.si\/?post_type=product&#038;p=486"},"modified":"2026-02-19T11:12:14","modified_gmt":"2026-02-19T11:12:14","slug":"kdo-si-draga-moja-povezana","status":"publish","type":"product","link":"https:\/\/www.mavricna-sepetanja.si\/en\/product\/kdo-si-draga-moja-povezana\/","title":{"rendered":"Kdo si, draga moja + Povezana"},"content":{"rendered":"<h4>O AVTORICI<\/h4>\n<div style=\"overflow: hidden; margin-top: 16px; margin-bottom: 24px;\">\n<p><img fetchpriority=\"high\" decoding=\"async\" class=\"size-medium wp-image-532 alignleft\" style=\"margin-right: 20px; margin-bottom: 10px;\" src=\"https:\/\/www.mavricna-sepetanja.si\/wp-content\/uploads\/2025\/10\/20251218_192026-1-225x300.jpg\" alt=\"Jana Modrijan\" width=\"225\" height=\"300\" srcset=\"https:\/\/www.mavricna-sepetanja.si\/wp-content\/uploads\/2025\/10\/20251218_192026-1-225x300.jpg 225w, https:\/\/www.mavricna-sepetanja.si\/wp-content\/uploads\/2025\/10\/20251218_192026-1-768x1024.jpg 768w, https:\/\/www.mavricna-sepetanja.si\/wp-content\/uploads\/2025\/10\/20251218_192026-1-1152x1536.jpg 1152w, https:\/\/www.mavricna-sepetanja.si\/wp-content\/uploads\/2025\/10\/20251218_192026-1-1536x2048.jpg 1536w, https:\/\/www.mavricna-sepetanja.si\/wp-content\/uploads\/2025\/10\/20251218_192026-1-9x12.jpg 9w, https:\/\/www.mavricna-sepetanja.si\/wp-content\/uploads\/2025\/10\/20251218_192026-1-600x800.jpg 600w, https:\/\/www.mavricna-sepetanja.si\/wp-content\/uploads\/2025\/10\/20251218_192026-1-scaled.jpg 1920w\" sizes=\"(max-width: 225px) 100vw, 225px\" \/>Jana Modrijan je \u017eena, mama in intuitivna svetovalka, ki je svojo \u017eivljenjsko preobrazbo<br \/>\nza\u010dela po izgorelosti in soo\u010denju s kroni\u010dno boleznijo. Neko\u010d uspe\u0161na podjetnica, danes \u017eivi<br \/>\npovezana z naravo, \u017eivalmi in Virom, ter svoje izku\u0161nje sr\u010dno deli z drugimi.<\/p>\n<p>V svojem prvencu Kdo si, draga moja je razgalila svojo osebno zgodbo, v POVEZANI pa<br \/>\npredstavlja \u017eivljenje po preobrazbi \u2013 preto\u010dno, avtenti\u010dno in globoko povezano. Njeno delo<br \/>\ndanes obsega osebna svetovanja in podporo ljudem, ki si \u017eelijo stopiti na svojo lastno pot<br \/>\nsvetlobe.<\/p>\n<\/div>\n<hr \/>\n<h4 data-start=\"631\" data-end=\"658\"><em data-start=\"638\" data-end=\"658\">Kdo si, draga moja<\/em><\/h4>\n<p data-start=\"659\" data-end=\"914\">Navdihujo\u010da in iskrena osebna izpoved o izgorelosti, bolezni, \u017eivljenjskem zlomu in ponovnem rojstvu. Knjiga ponuja globok vpogled v to, kako na\u0161e navade, \u010dustva, prepri\u010danja in notranji programi vplivajo na zdravje, odnose, finance in kakovost \u017eivljenja.<\/p>\n<p data-start=\"916\" data-end=\"993\">Ob osebni zgodbi bralec prejme tudi \u0161tevilna <strong data-start=\"961\" data-end=\"989\">orodja, tehnike in uvide<\/strong> za:<\/p>\n<ul data-start=\"994\" data-end=\"1125\">\n<li data-start=\"994\" data-end=\"1009\">\n<p data-start=\"996\" data-end=\"1009\">osebno rast<\/p>\n<\/li>\n<li data-start=\"1010\" data-end=\"1048\">\n<p data-start=\"1012\" data-end=\"1048\">zdravljenje in razumevanje bolezni<\/p>\n<\/li>\n<li data-start=\"1049\" data-end=\"1095\">\n<p data-start=\"1051\" data-end=\"1095\">manifestacijo, vizualizacijo in meditacijo<\/p>\n<\/li>\n<li data-start=\"1096\" data-end=\"1125\">\n<p data-start=\"1098\" data-end=\"1125\">preseganje notranjih blokad<\/p>\n<\/li>\n<\/ul>\n<p data-start=\"1127\" data-end=\"1229\">Knjiga odpira temeljna vpra\u0161anja:<br \/>\n<em data-start=\"1161\" data-end=\"1229\">Kdo si brez mask? Kak\u0161na je tvoja pot? Kak\u0161no je tvoje poslanstvo?<\/em><\/p>\n<hr data-start=\"1231\" data-end=\"1234\" \/>\n<h4 data-start=\"1236\" data-end=\"1253\"><em data-start=\"1243\" data-end=\"1253\">Povezana<\/em><\/h4>\n<p data-start=\"1254\" data-end=\"1293\"><em data-start=\"1254\" data-end=\"1293\">Knjiga, ki jo ne le bere\u0161 \u2013 jo \u010duti\u0161.<\/em><\/p>\n<p data-start=\"1295\" data-end=\"1502\">Povezana je globok, a zelo prakti\u010den vodnik k <strong data-start=\"1341\" data-end=\"1372\">resni\u010dni povezanosti s sabo<\/strong>, svojo svetlobno esenco in energijami, ki nas vodijo. Vse, kar je zapisano, izhaja iz osebne izku\u0161nje in je preizku\u0161eno v praksi.<\/p>\n<p data-start=\"1504\" data-end=\"1523\">V knjigi bo\u0161 na\u0161la:<\/p>\n<ul data-start=\"1524\" data-end=\"1679\">\n<li data-start=\"1524\" data-end=\"1550\">\n<p data-start=\"1526\" data-end=\"1550\">ne\u017ene, a mo\u010dne rituale<\/p>\n<\/li>\n<li data-start=\"1551\" data-end=\"1595\">\n<p data-start=\"1553\" data-end=\"1595\">notranje procese za umiritev in celjenje<\/p>\n<\/li>\n<li data-start=\"1596\" data-end=\"1641\">\n<p data-start=\"1598\" data-end=\"1641\">jasnost, podporo in ob\u010dutek notranje mo\u010di<\/p>\n<\/li>\n<li data-start=\"1642\" data-end=\"1679\">\n<p data-start=\"1644\" data-end=\"1679\">ob\u010dutek, da nisi sama na svoji poti<\/p>\n<\/li>\n<\/ul>\n<p data-start=\"1681\" data-end=\"1763\">To je knjiga, ki ostane s tabo in jo znova in znova odpira\u0161, ko i\u0161\u010de\u0161 stik s sabo.<\/p>\n<hr data-start=\"1765\" data-end=\"1768\" \/>\n<h4 data-start=\"1770\" data-end=\"1800\">Komu je paket namenjen?<\/h4>\n<ul data-start=\"1801\" data-end=\"2028\">\n<li data-start=\"1801\" data-end=\"1870\">\n<p data-start=\"1803\" data-end=\"1870\">vsem, ki se soo\u010dajo z izgorelostjo, boleznijo ali notranjo stisko<\/p>\n<\/li>\n<li data-start=\"1871\" data-end=\"1922\">\n<p data-start=\"1873\" data-end=\"1922\">empati\u010dnim, senzibilnim in \u010dute\u010dim posameznikom<\/p>\n<\/li>\n<li data-start=\"1923\" data-end=\"1973\">\n<p data-start=\"1925\" data-end=\"1973\">tistim, ki i\u0161\u010dejo ve\u010d miru, jasnosti in smisla<\/p>\n<\/li>\n<li data-start=\"1974\" data-end=\"2028\">\n<p data-start=\"1976\" data-end=\"2028\">vsakomur, ki \u017eeli globlje razumeti sebe in \u017eivljenje<\/p>\n<\/li>\n<\/ul>\n<hr \/>\n<h4>Mnenja o knjigah<\/h4>\n<div style=\"margin-top: 24px; padding: 20px; border: 1px solid #e5e5e5;\">\n<p>Jana, tale va\u0161a <em>Povezana<\/em> je pa ena TOP knigica. Sicer sem jo prebrala zelo hitro, sedaj jo pa \u017ee en teden lepo po\u010dasi predelujem in delam po njej. In dogajajo se mi \u010darobne stvari. Hvale\u017ena za vas, va\u0161a sporo\u010dila, ki me vedno v nulo zadanejo, in seveda za va\u0161e knjige, ki definitivno spreminjajo \u017eivljenje.<\/p>\n<p><em>Kdo si, draga moja<\/em> pa je tudi vedno ob meni \u2013 obe imam na no\u010dni omarici in ju vsak ve\u010der naklju\u010dno berem, tisto, ki me pokli\u010de. Res sem hvale\u017ena, ker mi je veliko la\u017eje ob vseh teh spoznanjih in smernicah, ki jih dobivam iz va\u0161ih knjig.<\/p>\n<p><strong>\u2014 Bralka<\/strong><\/p>\n<\/div>\n<div style=\"margin-top: 32px; padding: 20px; border: 1px solid #e5e5e5;\">\n<p>Draga moja, sedaj sem prebrala obe tvoji knjigi. Moj globok poklon. Knjigi sta sicer razli\u010dni, ampak vseeno sta mi bili neko sosledje, nadgradnja, ki me je popeljala \u0161e bolj k sebi. Predvsem pa mi je sedaj jasno, kaj se z mano dogaja in kako se lotiti stvari.<\/p>\n<p>Ti ima\u0161 en tak dar, da res zna\u0161 predati sporo\u010dila ljudem. Sicer sem pa kar malo va\u017eno, da te osebno poznam. Carica si, ve\u0161 \u2013 in komaj \u010dakam tvojo naslednjo knjigo.<\/p>\n<p><strong>\u2014 Bralka<\/strong><\/p>\n<\/div>\n<div style=\"margin-top: 32px; padding: 20px; border: 1px solid #e5e5e5;\">\n<p>Pozdravljena Jana,<\/p>\n<p>takoj, ko sem prejela <em>Povezano<\/em>, sem si rekla, da ti bom pisala, ampak dnevi kar letijo. V glavnem sem zelo vesela, da sem se odlo\u010dila tudi za tvojo drugo knjigo. <em>Kdo si, draga moja<\/em> me je res podprla in ko sem jo prebrala, sem kon\u010dno malo ozavestila, zakaj se mi vse to dogaja \u2013 ta stiska in te bole\u010dine, ki me res hromijo.<\/p>\n<p>Prej sem se vrtela v za\u010daranem krogu in nih\u010de mi ni znal dati odgovorov ali smernic. Potem pa se spet ujame\u0161 v vsakdanjo rutino \u2013 in tvoja <em>Povezana<\/em> je pri\u0161la v pravem trenutku. Pomaga mi, da se pove\u017eem sama s sabo, najdem notranji mir in jo do\u017eivljam kot zavetje pred nevihto.<\/p>\n<p>Obe tvoji knjigi sta zame mo\u010dna podpora. Te\u017eko ti z besedami opi\u0161em, kako zelo sem ti hvale\u017ena, da si se tako razgalila in s tem pomaga\u0161 nam, ki to potrebujemo.<\/p>\n<p><strong>\u2014 Jasmina<\/strong><\/p>\n<\/div>","protected":false},"excerpt":{"rendered":"<p data-start=\"260\" data-end=\"453\">Ta paket zdru\u017euje <strong data-start=\"278\" data-end=\"323\">dve izjemni knjigi avtorice Jane Modrijan<\/strong>, ki se dopolnjujeta in skupaj tvorita celovit vodi\u010d k globlji povezanosti s seboj, razumevanju \u017eivljenja ter notranji preobrazbi.<\/p>\n<p data-start=\"455\" data-end=\"481\"><strong><br \/>\nZakaj izbrati paket?<\/strong><\/p>\n<ul data-start=\"482\" data-end=\"624\">\n<li data-start=\"482\" data-end=\"527\">\n<p data-start=\"484\" data-end=\"527\">celostna osebna zgodba + prakti\u010dni vodnik<\/p>\n<\/li>\n<li data-start=\"482\" data-end=\"527\">\n<p data-start=\"484\" data-end=\"527\">globoko \u010dustveno, energijsko in \u017eivljenjsko delo<\/p>\n<\/li>\n<li data-start=\"581\" data-end=\"624\">\n<p data-start=\"583\" data-end=\"624\">ugodnej\u0161a cena in <strong data-start=\"601\" data-end=\"624\">brezpla\u010dna po\u0161tnina<\/strong><\/p>\n<\/li>\n<\/ul>","protected":false},"featured_media":488,"comment_status":"closed","ping_status":"closed","template":"","meta":[],"product_brand":[],"product_cat":[37,23],"product_tag":[],"class_list":{"0":"post-486","1":"product","2":"type-product","3":"status-publish","4":"has-post-thumbnail","6":"product_cat-izdelki","7":"product_cat-knjige","8":"product_shipping_class-paket-obeh-knjig","10":"first","11":"instock","12":"shipping-taxable","13":"purchasable","14":"product-type-simple"},"yoast_head":"<!-- This site is optimized with the Yoast SEO plugin v26.2 - https:\/\/yoast.com\/wordpress\/plugins\/seo\/ -->\n<title>Kdo si, draga moja + Povezana - Jana Modrijan<\/title>\n<meta name=\"robots\" content=\"index, follow, max-snippet:-1, max-image-preview:large, max-video-preview:-1\" \/>\n<link rel=\"canonical\" href=\"https:\/\/www.mavricna-sepetanja.si\/en\/product\/kdo-si-draga-moja-povezana\/\" \/>\n<meta property=\"og:locale\" content=\"en_US\" \/>\n<meta property=\"og:type\" content=\"article\" \/>\n<meta property=\"og:title\" content=\"Kdo si, draga moja + Povezana - Jana Modrijan\" \/>\n<meta property=\"og:description\" content=\"Ta paket zdru\u017euje dve izjemni knjigi avtorice Jane Modrijan, ki se dopolnjujeta in skupaj tvorita celovit vodi\u010d k globlji povezanosti s seboj, razumevanju \u017eivljenja ter notranji preobrazbi.  Zakaj izbrati paket?     celostna osebna zgodba + prakti\u010dni vodnik    globoko \u010dustveno, energijsko in \u017eivljenjsko delo    ugodnej\u0161a cena in brezpla\u010dna po\u0161tnina\" \/>\n<meta property=\"og:url\" content=\"https:\/\/www.mavricna-sepetanja.si\/en\/product\/kdo-si-draga-moja-povezana\/\" \/>\n<meta property=\"og:site_name\" content=\"Jana Modrijan\" \/>\n<meta property=\"article:modified_time\" content=\"2026-02-19T11:12:14+00:00\" \/>\n<meta property=\"og:image\" content=\"https:\/\/www.mavricna-sepetanja.si\/wp-content\/uploads\/2025\/12\/kako-si-grada-moja-in-povezana-paket.png\" \/>\n\t<meta property=\"og:image:width\" content=\"1000\" \/>\n\t<meta property=\"og:image:height\" content=\"1000\" \/>\n\t<meta property=\"og:image:type\" content=\"image\/png\" \/>\n<meta name=\"twitter:card\" content=\"summary_large_image\" \/>\n<meta name=\"twitter:label1\" content=\"Est. reading time\" \/>\n\t<meta name=\"twitter:data1\" content=\"4 minutes\" \/>\n<script type=\"application\/ld+json\" class=\"yoast-schema-graph\">{\"@context\":\"https:\/\/schema.org\",\"@graph\":[{\"@type\":\"WebPage\",\"@id\":\"https:\/\/www.mavricna-sepetanja.si\/izdelek\/kdo-si-draga-moja-povezana\/\",\"url\":\"https:\/\/www.mavricna-sepetanja.si\/izdelek\/kdo-si-draga-moja-povezana\/\",\"name\":\"Kdo si, draga moja + Povezana - Jana Modrijan\",\"isPartOf\":{\"@id\":\"https:\/\/www.mavricna-sepetanja.si\/#website\"},\"primaryImageOfPage\":{\"@id\":\"https:\/\/www.mavricna-sepetanja.si\/izdelek\/kdo-si-draga-moja-povezana\/#primaryimage\"},\"image\":{\"@id\":\"https:\/\/www.mavricna-sepetanja.si\/izdelek\/kdo-si-draga-moja-povezana\/#primaryimage\"},\"thumbnailUrl\":\"https:\/\/www.mavricna-sepetanja.si\/wp-content\/uploads\/2025\/12\/kako-si-grada-moja-in-povezana-paket.png\",\"datePublished\":\"2025-12-17T08:47:51+00:00\",\"dateModified\":\"2026-02-19T11:12:14+00:00\",\"breadcrumb\":{\"@id\":\"https:\/\/www.mavricna-sepetanja.si\/izdelek\/kdo-si-draga-moja-povezana\/#breadcrumb\"},\"inLanguage\":\"en-US\",\"potentialAction\":[{\"@type\":\"ReadAction\",\"target\":[\"https:\/\/www.mavricna-sepetanja.si\/izdelek\/kdo-si-draga-moja-povezana\/\"]}]},{\"@type\":\"ImageObject\",\"inLanguage\":\"en-US\",\"@id\":\"https:\/\/www.mavricna-sepetanja.si\/izdelek\/kdo-si-draga-moja-povezana\/#primaryimage\",\"url\":\"https:\/\/www.mavricna-sepetanja.si\/wp-content\/uploads\/2025\/12\/kako-si-grada-moja-in-povezana-paket.png\",\"contentUrl\":\"https:\/\/www.mavricna-sepetanja.si\/wp-content\/uploads\/2025\/12\/kako-si-grada-moja-in-povezana-paket.png\",\"width\":1000,\"height\":1000},{\"@type\":\"BreadcrumbList\",\"@id\":\"https:\/\/www.mavricna-sepetanja.si\/izdelek\/kdo-si-draga-moja-povezana\/#breadcrumb\",\"itemListElement\":[{\"@type\":\"ListItem\",\"position\":1,\"name\":\"Home\",\"item\":\"https:\/\/www.mavricna-sepetanja.si\/\"},{\"@type\":\"ListItem\",\"position\":2,\"name\":\"Trgovina\",\"item\":\"https:\/\/www.mavricna-sepetanja.si\/trgovina\/\"},{\"@type\":\"ListItem\",\"position\":3,\"name\":\"Kdo si, draga moja + Povezana\"}]},{\"@type\":\"WebSite\",\"@id\":\"https:\/\/www.mavricna-sepetanja.si\/#website\",\"url\":\"https:\/\/www.mavricna-sepetanja.si\/\",\"name\":\"Jana Modrijan\",\"description\":\"Pot nazaj k sebi.\",\"potentialAction\":[{\"@type\":\"SearchAction\",\"target\":{\"@type\":\"EntryPoint\",\"urlTemplate\":\"https:\/\/www.mavricna-sepetanja.si\/?s={search_term_string}\"},\"query-input\":{\"@type\":\"PropertyValueSpecification\",\"valueRequired\":true,\"valueName\":\"search_term_string\"}}],\"inLanguage\":\"en-US\"}]}<\/script>\n<!-- \/ Yoast SEO plugin. -->","yoast_head_json":{"title":"Kdo si, draga moja + Povezana - Jana Modrijan","robots":{"index":"index","follow":"follow","max-snippet":"max-snippet:-1","max-image-preview":"max-image-preview:large","max-video-preview":"max-video-preview:-1"},"canonical":"https:\/\/www.mavricna-sepetanja.si\/en\/product\/kdo-si-draga-moja-povezana\/","og_locale":"en_US","og_type":"article","og_title":"Kdo si, draga moja + Povezana - Jana Modrijan","og_description":"Ta paket zdru\u017euje dve izjemni knjigi avtorice Jane Modrijan, ki se dopolnjujeta in skupaj tvorita celovit vodi\u010d k globlji povezanosti s seboj, razumevanju \u017eivljenja ter notranji preobrazbi.  Zakaj izbrati paket?     celostna osebna zgodba + prakti\u010dni vodnik    globoko \u010dustveno, energijsko in \u017eivljenjsko delo    ugodnej\u0161a cena in brezpla\u010dna po\u0161tnina","og_url":"https:\/\/www.mavricna-sepetanja.si\/en\/product\/kdo-si-draga-moja-povezana\/","og_site_name":"Jana Modrijan","article_modified_time":"2026-02-19T11:12:14+00:00","og_image":[{"width":1000,"height":1000,"url":"https:\/\/www.mavricna-sepetanja.si\/wp-content\/uploads\/2025\/12\/kako-si-grada-moja-in-povezana-paket.png","type":"image\/png"}],"twitter_card":"summary_large_image","twitter_misc":{"Est. reading time":"4 minutes"},"schema":{"@context":"https:\/\/schema.org","@graph":[{"@type":"WebPage","@id":"https:\/\/www.mavricna-sepetanja.si\/izdelek\/kdo-si-draga-moja-povezana\/","url":"https:\/\/www.mavricna-sepetanja.si\/izdelek\/kdo-si-draga-moja-povezana\/","name":"Kdo si, draga moja + Povezana - Jana Modrijan","isPartOf":{"@id":"https:\/\/www.mavricna-sepetanja.si\/#website"},"primaryImageOfPage":{"@id":"https:\/\/www.mavricna-sepetanja.si\/izdelek\/kdo-si-draga-moja-povezana\/#primaryimage"},"image":{"@id":"https:\/\/www.mavricna-sepetanja.si\/izdelek\/kdo-si-draga-moja-povezana\/#primaryimage"},"thumbnailUrl":"https:\/\/www.mavricna-sepetanja.si\/wp-content\/uploads\/2025\/12\/kako-si-grada-moja-in-povezana-paket.png","datePublished":"2025-12-17T08:47:51+00:00","dateModified":"2026-02-19T11:12:14+00:00","breadcrumb":{"@id":"https:\/\/www.mavricna-sepetanja.si\/izdelek\/kdo-si-draga-moja-povezana\/#breadcrumb"},"inLanguage":"en-US","potentialAction":[{"@type":"ReadAction","target":["https:\/\/www.mavricna-sepetanja.si\/izdelek\/kdo-si-draga-moja-povezana\/"]}]},{"@type":"ImageObject","inLanguage":"en-US","@id":"https:\/\/www.mavricna-sepetanja.si\/izdelek\/kdo-si-draga-moja-povezana\/#primaryimage","url":"https:\/\/www.mavricna-sepetanja.si\/wp-content\/uploads\/2025\/12\/kako-si-grada-moja-in-povezana-paket.png","contentUrl":"https:\/\/www.mavricna-sepetanja.si\/wp-content\/uploads\/2025\/12\/kako-si-grada-moja-in-povezana-paket.png","width":1000,"height":1000},{"@type":"BreadcrumbList","@id":"https:\/\/www.mavricna-sepetanja.si\/izdelek\/kdo-si-draga-moja-povezana\/#breadcrumb","itemListElement":[{"@type":"ListItem","position":1,"name":"Home","item":"https:\/\/www.mavricna-sepetanja.si\/"},{"@type":"ListItem","position":2,"name":"Trgovina","item":"https:\/\/www.mavricna-sepetanja.si\/trgovina\/"},{"@type":"ListItem","position":3,"name":"Kdo si, draga moja + Povezana"}]},{"@type":"WebSite","@id":"https:\/\/www.mavricna-sepetanja.si\/#website","url":"https:\/\/www.mavricna-sepetanja.si\/","name":"Jana Modrijan","description":"Pot nazaj k sebi.","potentialAction":[{"@type":"SearchAction","target":{"@type":"EntryPoint","urlTemplate":"https:\/\/www.mavricna-sepetanja.si\/?s={search_term_string}"},"query-input":{"@type":"PropertyValueSpecification","valueRequired":true,"valueName":"search_term_string"}}],"inLanguage":"en-US"}]}},"_links":{"self":[{"href":"https:\/\/www.mavricna-sepetanja.si\/en\/wp-json\/wp\/v2\/product\/486","targetHints":{"allow":["GET"]}}],"collection":[{"href":"https:\/\/www.mavricna-sepetanja.si\/en\/wp-json\/wp\/v2\/product"}],"about":[{"href":"https:\/\/www.mavricna-sepetanja.si\/en\/wp-json\/wp\/v2\/types\/product"}],"replies":[{"embeddable":true,"href":"https:\/\/www.mavricna-sepetanja.si\/en\/wp-json\/wp\/v2\/comments?post=486"}],"version-history":[{"count":1,"href":"https:\/\/www.mavricna-sepetanja.si\/en\/wp-json\/wp\/v2\/product\/486\/revisions"}],"predecessor-version":[{"id":541,"href":"https:\/\/www.mavricna-sepetanja.si\/en\/wp-json\/wp\/v2\/product\/486\/revisions\/541"}],"wp:featuredmedia":[{"embeddable":true,"href":"https:\/\/www.mavricna-sepetanja.si\/en\/wp-json\/wp\/v2\/media\/488"}],"wp:attachment":[{"href":"https:\/\/www.mavricna-sepetanja.si\/en\/wp-json\/wp\/v2\/media?parent=486"}],"wp:term":[{"taxonomy":"product_brand","embeddable":true,"href":"https:\/\/www.mavricna-sepetanja.si\/en\/wp-json\/wp\/v2\/product_brand?post=486"},{"taxonomy":"product_cat","embeddable":true,"href":"https:\/\/www.mavricna-sepetanja.si\/en\/wp-json\/wp\/v2\/product_cat?post=486"},{"taxonomy":"product_tag","embeddable":true,"href":"https:\/\/www.mavricna-sepetanja.si\/en\/wp-json\/wp\/v2\/product_tag?post=486"}],"curies":[{"name":"wp","href":"https:\/\/api.w.org\/{rel}","templated":true}]}}