{"id":362,"date":"2025-10-30T07:56:34","date_gmt":"2025-10-30T07:56:34","guid":{"rendered":"https:\/\/www.mavricna-sepetanja.si\/?post_type=product&#038;p=362"},"modified":"2026-02-18T10:39:39","modified_gmt":"2026-02-18T10:39:39","slug":"darilni-bon","status":"publish","type":"product","link":"https:\/\/www.mavricna-sepetanja.si\/en\/product\/darilni-bon\/","title":{"rendered":"Darilni bon"},"content":{"rendered":"<h4>MALO O MOJIH SVETOVALNIH TERAPIJAH<\/h4>\n<p>\u017de nekaj let delam z ljudmi, ki se soo\u010dajo s podobnimi te\u017eavami, kot sem jih imela sama. O tem govorim iz preteklosti, saj sem na\u0161la na\u010din, kako se dvigniti iz totalnega sesutja na vseh podro\u010djih. Moje svetovanje temelji na lastnih izku\u0161njah, a \u017ee od nekdaj me zanimajo duhovne prakse, pogovori in razumevanje ljudi v razli\u010dnih stiskah. V vseh teh letih sem opravila \u0161tevilne \u0161ole, te\u010daje in seminarje ter se udele\u017eevala razli\u010dnih terapij. Tako se je nabralo kar nekaj nazivov, vendar menim, da ti sami po sebi ne pomenijo veliko; klju\u010dno je, da lahko pomagam ljudem s svojo lastno izku\u0161njo. Te\u017eko zaupam nau\u010denemu terapevtu, \u010de nima osebne izku\u0161nje s tem, kar predaja.<\/p>\n<p>Torej danes pomagam ljudem, ki so na podobni preizku\u0161nji, kot sem bila sama.<\/p>\n<p>Poleg lastne izku\u0161nje izgorelosti, bolezni, izgube posla, hudih finan\u010dnih izzivov sem dobila dar \u017ee ob rojstvu. Ta dar se imenuje izredna senzitivnost, visoka ob\u010dutljivost, visoka empatija. Dar pa je zato, \u010deprav na eni strani s tem absolutno ni lahko \u017eiveti, sem pa na drugi strani izredno visoko intuitivna.<\/p>\n<p>\u010cloveka enostavno sli\u0161im, preberem in v zelo intimnih pogovorih, nemalokrat prileti iz vi\u0161jih sfer sporo\u010dilo, ki v\u010dasih preseneti \u0161e mene. Zato sem danes globoko in poni\u017eno hvale\u017ena, za celotno svojo izku\u0161njo, bolezen in totalno izgubo sebe, kot sem prej bila.<\/p>\n<p>Pomagam ti obvladovati fibromialgijo, kroni\u010dne bole\u010dine in izgorelost.<br \/>\nPoleg tega nudim celovito podporo pri preoblikovanju tvoje finan\u010dne situacije \u2013 z enostavnimi, dostopnimi orodji, ki jih lahko uporablja prav vsak, lahko skupaj docela in za vedno spremeniva tvoj finan\u010dni svet.<br \/>\nPomagam ti tudi pri postavitvi tvojega biznisa, da ga lahko vodi\u0161 samozavestno in uspe\u0161no.<\/p>\n<p>Vse, kar danes po\u010dnem, temelji na mojih lastnih izku\u0161njah. Neko\u010d sem bila tam, kjer si ti zdaj \u2013 in na\u0161la sem pot ven. Zato si upam pomagati tudi tebi.<br \/>\nDo zdaj sem \u017ee podprla ve\u010d kot 350 posameznikov in posameznic ter \u0161tevilne podjetnike na njihovi poti do izbolj\u0161anja zdravja, energije in finan\u010dne stabilnosti.<\/p>\n<p>Danes \u017eivim \u017eivljenje, ki je lepo, spro\u0161\u010deno, mirno, sre\u010dno in finan\u010dno stabilno \u2013 in verjamem, da lahko tudi ti dose\u017ee\u0161 enako.<\/p>","protected":false},"excerpt":{"rendered":"<p>Svetovanje je lahko \u010dudovito darilo za nekoga, ki ti je mar \u2013 darilo, s katerim podari\u0161 prilo\u017enost za izbolj\u0161anje zdravja, energije in finan\u010dne stabilnosti ter korak k sre\u010dnej\u0161emu \u017eivljenju.<\/p>","protected":false},"featured_media":365,"comment_status":"open","ping_status":"closed","template":"","meta":[],"product_brand":[],"product_cat":[23],"product_tag":[],"class_list":{"0":"post-362","1":"product","2":"type-product","3":"status-publish","4":"has-post-thumbnail","6":"product_cat-knjige","7":"product_shipping_class-posamezna-knjiga","9":"first","10":"instock","11":"shipping-taxable","12":"purchasable","13":"product-type-simple"},"yoast_head":"<!-- This site is optimized with the Yoast SEO plugin v26.2 - https:\/\/yoast.com\/wordpress\/plugins\/seo\/ -->\n<title>Darilni bon - Jana Modrijan<\/title>\n<meta name=\"robots\" content=\"index, follow, max-snippet:-1, max-image-preview:large, max-video-preview:-1\" \/>\n<link rel=\"canonical\" href=\"https:\/\/www.mavricna-sepetanja.si\/en\/product\/darilni-bon\/\" \/>\n<meta property=\"og:locale\" content=\"en_US\" \/>\n<meta property=\"og:type\" content=\"article\" \/>\n<meta property=\"og:title\" content=\"Darilni bon - Jana Modrijan\" \/>\n<meta property=\"og:description\" content=\"Svetovanje je lahko \u010dudovito darilo za nekoga, ki ti je mar \u2013 darilo, s katerim podari\u0161 prilo\u017enost za izbolj\u0161anje zdravja, energije in finan\u010dne stabilnosti ter korak k sre\u010dnej\u0161emu \u017eivljenju.\" \/>\n<meta property=\"og:url\" content=\"https:\/\/www.mavricna-sepetanja.si\/en\/product\/darilni-bon\/\" \/>\n<meta property=\"og:site_name\" content=\"Jana Modrijan\" \/>\n<meta property=\"article:modified_time\" content=\"2026-02-18T10:39:39+00:00\" \/>\n<meta property=\"og:image\" content=\"https:\/\/www.mavricna-sepetanja.si\/wp-content\/uploads\/2025\/10\/Messenger_creation_0759D2D8-E792-4E76-A9CD-091B06A90E4F.jpg\" \/>\n\t<meta property=\"og:image:width\" content=\"1024\" \/>\n\t<meta property=\"og:image:height\" content=\"1024\" \/>\n\t<meta property=\"og:image:type\" content=\"image\/jpeg\" \/>\n<meta name=\"twitter:card\" content=\"summary_large_image\" \/>\n<meta name=\"twitter:label1\" content=\"Est. reading time\" \/>\n\t<meta name=\"twitter:data1\" content=\"3 minutes\" \/>\n<script type=\"application\/ld+json\" class=\"yoast-schema-graph\">{\"@context\":\"https:\/\/schema.org\",\"@graph\":[{\"@type\":\"WebPage\",\"@id\":\"https:\/\/www.mavricna-sepetanja.si\/izdelek\/darilni-bon\/\",\"url\":\"https:\/\/www.mavricna-sepetanja.si\/izdelek\/darilni-bon\/\",\"name\":\"Darilni bon - Jana Modrijan\",\"isPartOf\":{\"@id\":\"https:\/\/www.mavricna-sepetanja.si\/#website\"},\"primaryImageOfPage\":{\"@id\":\"https:\/\/www.mavricna-sepetanja.si\/izdelek\/darilni-bon\/#primaryimage\"},\"image\":{\"@id\":\"https:\/\/www.mavricna-sepetanja.si\/izdelek\/darilni-bon\/#primaryimage\"},\"thumbnailUrl\":\"https:\/\/www.mavricna-sepetanja.si\/wp-content\/uploads\/2025\/10\/Messenger_creation_0759D2D8-E792-4E76-A9CD-091B06A90E4F.jpg\",\"datePublished\":\"2025-10-30T07:56:34+00:00\",\"dateModified\":\"2026-02-18T10:39:39+00:00\",\"breadcrumb\":{\"@id\":\"https:\/\/www.mavricna-sepetanja.si\/izdelek\/darilni-bon\/#breadcrumb\"},\"inLanguage\":\"en-US\",\"potentialAction\":[{\"@type\":\"ReadAction\",\"target\":[\"https:\/\/www.mavricna-sepetanja.si\/izdelek\/darilni-bon\/\"]}]},{\"@type\":\"ImageObject\",\"inLanguage\":\"en-US\",\"@id\":\"https:\/\/www.mavricna-sepetanja.si\/izdelek\/darilni-bon\/#primaryimage\",\"url\":\"https:\/\/www.mavricna-sepetanja.si\/wp-content\/uploads\/2025\/10\/Messenger_creation_0759D2D8-E792-4E76-A9CD-091B06A90E4F.jpg\",\"contentUrl\":\"https:\/\/www.mavricna-sepetanja.si\/wp-content\/uploads\/2025\/10\/Messenger_creation_0759D2D8-E792-4E76-A9CD-091B06A90E4F.jpg\",\"width\":1024,\"height\":1024},{\"@type\":\"BreadcrumbList\",\"@id\":\"https:\/\/www.mavricna-sepetanja.si\/izdelek\/darilni-bon\/#breadcrumb\",\"itemListElement\":[{\"@type\":\"ListItem\",\"position\":1,\"name\":\"Home\",\"item\":\"https:\/\/www.mavricna-sepetanja.si\/\"},{\"@type\":\"ListItem\",\"position\":2,\"name\":\"Trgovina\",\"item\":\"https:\/\/www.mavricna-sepetanja.si\/trgovina\/\"},{\"@type\":\"ListItem\",\"position\":3,\"name\":\"Darilni bon\"}]},{\"@type\":\"WebSite\",\"@id\":\"https:\/\/www.mavricna-sepetanja.si\/#website\",\"url\":\"https:\/\/www.mavricna-sepetanja.si\/\",\"name\":\"Jana Modrijan\",\"description\":\"Pot nazaj k sebi.\",\"potentialAction\":[{\"@type\":\"SearchAction\",\"target\":{\"@type\":\"EntryPoint\",\"urlTemplate\":\"https:\/\/www.mavricna-sepetanja.si\/?s={search_term_string}\"},\"query-input\":{\"@type\":\"PropertyValueSpecification\",\"valueRequired\":true,\"valueName\":\"search_term_string\"}}],\"inLanguage\":\"en-US\"}]}<\/script>\n<!-- \/ Yoast SEO plugin. -->","yoast_head_json":{"title":"Darilni bon - Jana Modrijan","robots":{"index":"index","follow":"follow","max-snippet":"max-snippet:-1","max-image-preview":"max-image-preview:large","max-video-preview":"max-video-preview:-1"},"canonical":"https:\/\/www.mavricna-sepetanja.si\/en\/product\/darilni-bon\/","og_locale":"en_US","og_type":"article","og_title":"Darilni bon - Jana Modrijan","og_description":"Svetovanje je lahko \u010dudovito darilo za nekoga, ki ti je mar \u2013 darilo, s katerim podari\u0161 prilo\u017enost za izbolj\u0161anje zdravja, energije in finan\u010dne stabilnosti ter korak k sre\u010dnej\u0161emu \u017eivljenju.","og_url":"https:\/\/www.mavricna-sepetanja.si\/en\/product\/darilni-bon\/","og_site_name":"Jana Modrijan","article_modified_time":"2026-02-18T10:39:39+00:00","og_image":[{"width":1024,"height":1024,"url":"https:\/\/www.mavricna-sepetanja.si\/wp-content\/uploads\/2025\/10\/Messenger_creation_0759D2D8-E792-4E76-A9CD-091B06A90E4F.jpg","type":"image\/jpeg"}],"twitter_card":"summary_large_image","twitter_misc":{"Est. reading time":"3 minutes"},"schema":{"@context":"https:\/\/schema.org","@graph":[{"@type":"WebPage","@id":"https:\/\/www.mavricna-sepetanja.si\/izdelek\/darilni-bon\/","url":"https:\/\/www.mavricna-sepetanja.si\/izdelek\/darilni-bon\/","name":"Darilni bon - Jana Modrijan","isPartOf":{"@id":"https:\/\/www.mavricna-sepetanja.si\/#website"},"primaryImageOfPage":{"@id":"https:\/\/www.mavricna-sepetanja.si\/izdelek\/darilni-bon\/#primaryimage"},"image":{"@id":"https:\/\/www.mavricna-sepetanja.si\/izdelek\/darilni-bon\/#primaryimage"},"thumbnailUrl":"https:\/\/www.mavricna-sepetanja.si\/wp-content\/uploads\/2025\/10\/Messenger_creation_0759D2D8-E792-4E76-A9CD-091B06A90E4F.jpg","datePublished":"2025-10-30T07:56:34+00:00","dateModified":"2026-02-18T10:39:39+00:00","breadcrumb":{"@id":"https:\/\/www.mavricna-sepetanja.si\/izdelek\/darilni-bon\/#breadcrumb"},"inLanguage":"en-US","potentialAction":[{"@type":"ReadAction","target":["https:\/\/www.mavricna-sepetanja.si\/izdelek\/darilni-bon\/"]}]},{"@type":"ImageObject","inLanguage":"en-US","@id":"https:\/\/www.mavricna-sepetanja.si\/izdelek\/darilni-bon\/#primaryimage","url":"https:\/\/www.mavricna-sepetanja.si\/wp-content\/uploads\/2025\/10\/Messenger_creation_0759D2D8-E792-4E76-A9CD-091B06A90E4F.jpg","contentUrl":"https:\/\/www.mavricna-sepetanja.si\/wp-content\/uploads\/2025\/10\/Messenger_creation_0759D2D8-E792-4E76-A9CD-091B06A90E4F.jpg","width":1024,"height":1024},{"@type":"BreadcrumbList","@id":"https:\/\/www.mavricna-sepetanja.si\/izdelek\/darilni-bon\/#breadcrumb","itemListElement":[{"@type":"ListItem","position":1,"name":"Home","item":"https:\/\/www.mavricna-sepetanja.si\/"},{"@type":"ListItem","position":2,"name":"Trgovina","item":"https:\/\/www.mavricna-sepetanja.si\/trgovina\/"},{"@type":"ListItem","position":3,"name":"Darilni bon"}]},{"@type":"WebSite","@id":"https:\/\/www.mavricna-sepetanja.si\/#website","url":"https:\/\/www.mavricna-sepetanja.si\/","name":"Jana Modrijan","description":"Pot nazaj k sebi.","potentialAction":[{"@type":"SearchAction","target":{"@type":"EntryPoint","urlTemplate":"https:\/\/www.mavricna-sepetanja.si\/?s={search_term_string}"},"query-input":{"@type":"PropertyValueSpecification","valueRequired":true,"valueName":"search_term_string"}}],"inLanguage":"en-US"}]}},"_links":{"self":[{"href":"https:\/\/www.mavricna-sepetanja.si\/en\/wp-json\/wp\/v2\/product\/362","targetHints":{"allow":["GET"]}}],"collection":[{"href":"https:\/\/www.mavricna-sepetanja.si\/en\/wp-json\/wp\/v2\/product"}],"about":[{"href":"https:\/\/www.mavricna-sepetanja.si\/en\/wp-json\/wp\/v2\/types\/product"}],"replies":[{"embeddable":true,"href":"https:\/\/www.mavricna-sepetanja.si\/en\/wp-json\/wp\/v2\/comments?post=362"}],"version-history":[{"count":1,"href":"https:\/\/www.mavricna-sepetanja.si\/en\/wp-json\/wp\/v2\/product\/362\/revisions"}],"predecessor-version":[{"id":364,"href":"https:\/\/www.mavricna-sepetanja.si\/en\/wp-json\/wp\/v2\/product\/362\/revisions\/364"}],"wp:featuredmedia":[{"embeddable":true,"href":"https:\/\/www.mavricna-sepetanja.si\/en\/wp-json\/wp\/v2\/media\/365"}],"wp:attachment":[{"href":"https:\/\/www.mavricna-sepetanja.si\/en\/wp-json\/wp\/v2\/media?parent=362"}],"wp:term":[{"taxonomy":"product_brand","embeddable":true,"href":"https:\/\/www.mavricna-sepetanja.si\/en\/wp-json\/wp\/v2\/product_brand?post=362"},{"taxonomy":"product_cat","embeddable":true,"href":"https:\/\/www.mavricna-sepetanja.si\/en\/wp-json\/wp\/v2\/product_cat?post=362"},{"taxonomy":"product_tag","embeddable":true,"href":"https:\/\/www.mavricna-sepetanja.si\/en\/wp-json\/wp\/v2\/product_tag?post=362"}],"curies":[{"name":"wp","href":"https:\/\/api.w.org\/{rel}","templated":true}]}}