{"id":237,"date":"2025-10-21T11:36:26","date_gmt":"2025-10-21T11:36:26","guid":{"rendered":"https:\/\/www.mavricna-sepetanja.si\/?post_type=product&#038;p=237"},"modified":"2026-02-18T10:37:48","modified_gmt":"2026-02-18T10:37:48","slug":"knjiga-povezana","status":"publish","type":"product","link":"https:\/\/www.mavricna-sepetanja.si\/en\/product\/knjiga-povezana\/","title":{"rendered":"Knjiga Povezana"},"content":{"rendered":"<p>Knjiga je nastala iz mojih osebnih izku\u0161enj, preko katerih sem spoznala, kako pomembno je biti resni\u010dno povezana s sabo, s svojo svetlobno esenco in z energijami, ki nas vodijo. Tukaj ni prostora za teorije brez prakse \u2013 vse, kar bo\u0161 na\u0161la, je preizku\u0161eno in ljube\u010de podano, da ti pomaga postati to, kar si \u017ee od za\u010detka \u2013 svetloba v telesu, du\u0161i in vsakdanjem \u017eivljenju.<\/p>\n<p>Vabim te, da to knjigo sprejme\u0161 kot svojega zaveznika in prijatelja, ki ti bo stal ob strani v trenutkih dvoma, navdiha in globokih preobrazb.<\/p>\n<p>Naj ti postane vir mo\u010di, jasnosti in miru, ki si ga zaslu\u017ei\u0161.<\/p>\n<p><strong><br \/>\nVstopi v svojo svetlobno pot \u2013 Povezana.<\/strong><\/p>\n<p>&nbsp;<\/p>\n<hr \/>\n<h4><strong>O AVTORICI<\/strong><\/h4>\n<div style=\"overflow: hidden; margin-top: 16px; margin-bottom: 24px;\">\n<p><img fetchpriority=\"high\" decoding=\"async\" class=\"size-medium wp-image-532 alignleft\" style=\"margin-right: 20px; margin-bottom: 10px;\" src=\"https:\/\/www.mavricna-sepetanja.si\/wp-content\/uploads\/2025\/10\/20251218_192026-1-225x300.jpg\" alt=\"Jana Modrijan\" width=\"225\" height=\"300\" srcset=\"https:\/\/www.mavricna-sepetanja.si\/wp-content\/uploads\/2025\/10\/20251218_192026-1-225x300.jpg 225w, https:\/\/www.mavricna-sepetanja.si\/wp-content\/uploads\/2025\/10\/20251218_192026-1-768x1024.jpg 768w, https:\/\/www.mavricna-sepetanja.si\/wp-content\/uploads\/2025\/10\/20251218_192026-1-1152x1536.jpg 1152w, https:\/\/www.mavricna-sepetanja.si\/wp-content\/uploads\/2025\/10\/20251218_192026-1-1536x2048.jpg 1536w, https:\/\/www.mavricna-sepetanja.si\/wp-content\/uploads\/2025\/10\/20251218_192026-1-9x12.jpg 9w, https:\/\/www.mavricna-sepetanja.si\/wp-content\/uploads\/2025\/10\/20251218_192026-1-600x800.jpg 600w, https:\/\/www.mavricna-sepetanja.si\/wp-content\/uploads\/2025\/10\/20251218_192026-1-scaled.jpg 1920w\" sizes=\"(max-width: 225px) 100vw, 225px\" \/>Jana Modrijan je \u017eena, mama in intuitivna svetovalka, ki je svojo \u017eivljenjsko preobrazbo za\u010dela po izgorelosti in soo\u010denju s kroni\u010dno boleznijo.Neko\u010d uspe\u0161na podjetnica, danes \u017eivi povezana z naravo, \u017eivalmi in Virom, ter svoje izku\u0161nje sr\u010dno deli z drugimi.<\/p>\n<p>V svojem prvencu Kdo si, draga moja je razgalila svojo osebno zgodbo, v POVEZANI pa predstavlja \u017eivljenje po preobrazbi \u2013 preto\u010dno, avtenti\u010dno in globoko povezano.<\/p>\n<p>Njeno delo danes obsega osebna svetovanja in podporo ljudem, ki si \u017eelijo stopiti na svojo lastno pot svetlobe.<\/p>\n<\/div>\n<hr \/>\n<p>MNENJA O KNJIGI<\/p>\n<div style=\"margin-top: 24px; padding: 20px; border: 1px solid #e5e5e5;\">\n<p>Moja draga Jana!<\/p>\n<p>Zelo sem po\u010da\u0161\u010dena in hvale\u017ena za izkazano zaupanje, da sem imela privilegij prebrati tvojo knjigo pred izidom. Menim, da to ni le knjiga, ampak velik energetski kompas, ki ti narekuje, da pogleda\u0161 globoko vase in se ponovno pove\u017ee\u0161 s sabo.<\/p>\n<p>Knjige nisem le brala \u2013 \u010dutila sem jo. Mravljinci po celem telesu in notranji ob\u010dutek, ki pride, ko se te nekaj globoko dotakne in se globoko v tebi nekaj premakne. Njena energija je zelo mo\u010dna, veliko razlo\u017ei in prodre globoko v du\u0161o.<\/p>\n<p>Po branju me je kar malo bolela glava, pa ne zaradi te\u017ee vsebine, ampak zaradi intenzivnosti, ki se je dotaknila vseh plasti in vsakega ko\u0161\u010dka mojega telesa in du\u0161e. To ni knjiga, ki jo prebere\u0161 in zaklju\u010di\u0161 z njo. Je knjiga, ki ostane s tabo in jo lahko vsak trenutek vzame\u0161 v roke, da najde\u0161 spet pot k sebi.<\/p>\n<p><strong>\u2014 Vanja \u017deleznik<\/strong><\/p>\n<\/div>\n<div style=\"margin-top: 32px; padding: 20px; border: 1px solid #e5e5e5;\">\n<p>Saj veste, kako gre. Preberete eno knjigo s podro\u010dja osebne rasti pa drugo, iz katere razberete tehniko, in tretjo, da razumete drugo &#8230;<\/p>\n<p>No, ko boste prebrali Povezano, boste ugotovili, da v resnici potrebujete samo to \u2013 ker je v njej zbranega toliko znanja kot sicer v vsaj petnajstih drugih.<\/p>\n<p>Tako vam ne bo treba brskati po razli\u010dnih priro\u010dnikih. Samo odprete Povezano in najdete tisto, kar vas pritegne, vas pokli\u010de.<\/p>\n<p>Sama sem jo prebrala na du\u0161ek in se vse od za\u010detka veselila, kaj vse bom \u0161e na\u0161la v njej! Verjetno vas bo poklicalo na ve\u010d delih, tako kot je mene.<\/p>\n<p>Na\u0161li boste veliko lepih ritualov, takih, po katerih je hrepenela va\u0161a du\u0161a in z uporabo le-teh boste v vsakodnevnem \u017eivljenju do\u017eiveli ve\u010d miru, umirjenosti.<\/p>\n<p>Vsi ne\u017eni napotki v Povezani vas bodo popeljali v notranji proces, ki vas bo po\u010dasi zacelil. Berite jo po\u010dasi, ve\u010dkrat, da za\u010dutite mo\u010d napisanega, in opazujte, kako se bodo va\u0161i razpr\u0161eni ko\u0161\u010dki sestavili v celoto mozaika, ki mu pravimo \u017divljenje.<\/p>\n<p>\u017delim vam vsaj toliko u\u017eivanja v branju, kot sem ga ob\u010dutila sama.<\/p>\n<p><strong>\u2014 Maja Kravanja<\/strong><\/p>\n<\/div>\n<div style=\"margin-top: 32px; padding: 20px; border: 1px solid #e5e5e5;\">\n<p>Draga Jana, vesela sem, da si me spet poklicala in da sem imela prilo\u017enost ne samo jezikovno pregledati tvojo novo knjigo, ampak biti tudi ena izmed njenih prvih bralk.<\/p>\n<p>To se je zgodilo tako, kot se meni v \u017eivljenju skoraj vedno zgodi. Nekaj, tokrat je to knjiga, me nagovori (in odre\u0161i) ravno ob pravem \u010dasu.<\/p>\n<p>V \u010dasu velike stiske, ko ne vem ve\u010d, kako omeh\u010dati trenutno stanje, mi je prav ta knjiga pomagala naravnati moja jadra na popotovanju k sami sebi in pri spoznavanju svojih razli\u010dnih svetov, kajti ti ve\u0161, da jaz nisem nova v teh temah, ampak Jana \u2013 noro. Tako jasne so mi postale stvari. Tako mo\u010dno me je zadelo. V nekem trenutku sem si rekla:<br \/>\n\u00bbNehaj, Natalija. Nehaj dramatizirat. Nehaj bit \u017ertev. Dr\u017ei se tega, kar Jana pi\u0161e v svojih knjigah. Samo tega se dr\u017ei.\u00ab<br \/>\nIn to\u010dno to zdaj delam.<\/p>\n<p>\u010ce to bere\u0161 in si tudi ti trenutno na to\u010dki, ko ima\u0161 ob\u010dutek, da se ti \u017eivljenje ru\u0161i, da si utrujena, izgubljena ali preobremenjena \u2013 potem verjemi, nisi sama. In morda je ta knjiga to\u010dno tisto, kar v tem trenutku potrebuje\u0161.<\/p>\n<p>Knjiga Povezana ni knjiga, ki jo samo prebere\u0161. Je knjiga, ki te prime za roko, te ustavi in ti pomaga, da se spet pove\u017ee\u0161 sama s sabo. Mene je \u2013 in vem, da lahko tudi tebe.<\/p>\n<p><strong>\u2014 Natalija<\/strong><\/p>\n<\/div>\n<div style=\"margin-top: 32px; padding: 20px; border: 1px solid #e5e5e5;\">\n<p>Draga Jana, zbudila sem se ob pol sedmih, naspana, popolna ti\u0161ina, mir. Vzela sem tvojo Povezano in za\u010dela brat, ker nisem ve\u010d zdr\u017eala\u2026 \u010cutim prijeten mir v prsih, najraje bi te mo\u010dno objela. V tem trenutku srce, pa ti zato pi\u0161em. HVALA TI, da si moj vodnik in za tvojo iskrenost, da se odpre\u0161 pred celim svetom. Za to more\u0161 imeti veeelika jaj..a!<\/p>\n<p><strong>\u2014 Bralka<\/strong><\/p>\n<\/div>\n<div style=\"margin-top: 32px; padding: 20px; border: 1px solid #e5e5e5;\">\n<p>Draga Jana tiso\u010dkrat in ve\u010dkrat hvala za POVEZANO! Jaz se \u017ee tri dni stalno vra\u010dam k njej. Berem, se povezujem, odpiram naklju\u010dne strani in sledim kamor me pelje. Navdu\u0161ena sem in HVALA TI, da zmore\u0161 na glas in pred vsemi nami spregovorit vse te stvari. Vem ni samoumevno, ker se ljudje skrivamo in igramo druga\u010dno vlogo na zunaj. Ti pa si ti in naravnost obo\u017eujem te in si \u017eelim, da bi zmogla ti postati podobna. En magi\u010den objem.<\/p>\n<p><strong>\u2014 Bralka<\/strong><\/p>\n<\/div>\n<div style=\"margin-top: 32px; padding: 20px; border: 1px solid #e5e5e5;\">\n<p>Draga Jana,<br \/>\nV petek sem dobila Povezano in vam moem povedati, kak\u0161no globoko \u010di\u0161\u010denje je ta knjiga v meni spro\u017eila.<br \/>\nBolna sem precej in ko sem \u0161la \u010dez knjigo, se mi je dobesedno odprlo \u010di\u0161\u010denje na ve\u010d nivojih. Jokam in izlivam gnev, bole\u010dino, ranjenost in odpiram srce. Hvale\u017ena, naj gre\u2026 In posvetilo, ki ste mi ga napisala, to\u010dno to, kar sem najbolj rabila, in resni\u010dno ka\u017ee na to, kako mo\u010dna je va\u0161a intuicija, zaznava, kako mo\u010dno povezavo imate. \u010carobna ste, res si vas \u017eelim objeti v \u017eivo. Pi\u0161ite ljuba, kot ste napisala sama, kajti va\u0161a mo\u010d in vpliv na ljudi je res \u010darobna.<\/p>\n<p><strong>\u2014 Bralka<\/strong><\/p>\n<\/div>","protected":false},"excerpt":{"rendered":"<p>Dobrodo\u0161la na poti\u00a0<strong>Povezanosti<\/strong>\u00a0\u2013 poti, ki presega vsakdanje meje in odpira vrata tvojemu notranjemu svetu ter nebe\u0161kim dimenzijam. Ta knjiga ni le zbirka znanj, ampak tvoja osebna spremljevalka na poti prebujanja in \u017eivljenja kot svetlobno bitje.<\/p>\n<p>V njej bo\u0161 na\u0161la ne\u017ene, a mo\u010dne prakse in rituale, ki te bodo podprli pri povezavi z nadangeli, obvladovanju luninih ciklov ter odkrivanju zdravilne mo\u010di kristalov. Nau\u010dila se bo\u0161 kanaliziranja \u2013 kako sprejemati sporo\u010dila vi\u0161jih sfer, jih \u010distiti in za\u0161\u010dititi svoj prostor ter predajati drugim s popolno avtenti\u010dnostjo.<\/p>\n<ul>\n<li>hitra dostava v 1 do 3 dneh<\/li>\n<li>\u0160tevilo strani: 314<\/li>\n<li style=\"list-style-type: none;\"><\/li>\n<\/ul>\n<div style=\"margin-top: 20px;\"><a style=\"display: inline-block; padding: 14px 28px; background: #d6a67b; color: #fff; font-weight: bold; letter-spacing: 1px; text-transform: uppercase; text-decoration: none; border-radius: 0;\" href=\"https:\/\/www.mavricna-sepetanja.si\/wp-content\/uploads\/2026\/01\/KAZALO-Povezana.pdf\" target=\"_blank\" rel=\"noopener\">Oglejte si kazalo knjige<br \/>\n<\/a><\/div>","protected":false},"featured_media":506,"comment_status":"open","ping_status":"closed","template":"","meta":[],"product_brand":[],"product_cat":[37,23],"product_tag":[],"class_list":{"0":"post-237","1":"product","2":"type-product","3":"status-publish","4":"has-post-thumbnail","6":"product_cat-izdelki","7":"product_cat-knjige","8":"product_shipping_class-posamezna-knjiga","10":"first","11":"instock","12":"shipping-taxable","13":"purchasable","14":"product-type-simple"},"yoast_head":"<!-- This site is optimized with the Yoast SEO plugin v26.2 - https:\/\/yoast.com\/wordpress\/plugins\/seo\/ -->\n<title>Knjiga Povezana - Jana Modrijan<\/title>\n<meta name=\"robots\" content=\"index, follow, max-snippet:-1, max-image-preview:large, max-video-preview:-1\" \/>\n<link rel=\"canonical\" href=\"https:\/\/www.mavricna-sepetanja.si\/en\/product\/knjiga-povezana\/\" \/>\n<meta property=\"og:locale\" content=\"en_US\" \/>\n<meta property=\"og:type\" content=\"article\" \/>\n<meta property=\"og:title\" content=\"Knjiga Povezana - Jana Modrijan\" \/>\n<meta property=\"og:description\" content=\"Dobrodo\u0161la na poti\u00a0Povezanosti\u00a0\u2013 poti, ki presega vsakdanje meje in odpira vrata tvojemu notranjemu svetu ter nebe\u0161kim dimenzijam. Ta knjiga ni le zbirka znanj, ampak tvoja osebna spremljevalka na poti prebujanja in \u017eivljenja kot svetlobno bitje.  V njej bo\u0161 na\u0161la ne\u017ene, a mo\u010dne prakse in rituale, ki te bodo podprli pri povezavi z nadangeli, obvladovanju luninih ciklov ter odkrivanju zdravilne mo\u010di kristalov. Nau\u010dila se bo\u0161 kanaliziranja \u2013 kako sprejemati sporo\u010dila vi\u0161jih sfer, jih \u010distiti in za\u0161\u010dititi svoj prostor ter predajati drugim s popolno avtenti\u010dnostjo.   hitra dostava v 1 do 3 dneh  \u0160tevilo strani: 314    Oglejte si kazalo knjige\" \/>\n<meta property=\"og:url\" content=\"https:\/\/www.mavricna-sepetanja.si\/en\/product\/knjiga-povezana\/\" \/>\n<meta property=\"og:site_name\" content=\"Jana Modrijan\" \/>\n<meta property=\"article:modified_time\" content=\"2026-02-18T10:37:48+00:00\" \/>\n<meta property=\"og:image\" content=\"https:\/\/www.mavricna-sepetanja.si\/wp-content\/uploads\/2025\/10\/Messenger_creation_8B75A14D-70EC-4394-92F1-B04101790B8D.jpeg\" \/>\n\t<meta property=\"og:image:width\" content=\"512\" \/>\n\t<meta property=\"og:image:height\" content=\"640\" \/>\n\t<meta property=\"og:image:type\" content=\"image\/jpeg\" \/>\n<meta name=\"twitter:card\" content=\"summary_large_image\" \/>\n<meta name=\"twitter:label1\" content=\"Est. reading time\" \/>\n\t<meta name=\"twitter:data1\" content=\"6 minutes\" \/>\n<script type=\"application\/ld+json\" class=\"yoast-schema-graph\">{\"@context\":\"https:\/\/schema.org\",\"@graph\":[{\"@type\":\"WebPage\",\"@id\":\"https:\/\/www.mavricna-sepetanja.si\/izdelek\/knjiga-povezana\/\",\"url\":\"https:\/\/www.mavricna-sepetanja.si\/izdelek\/knjiga-povezana\/\",\"name\":\"Knjiga Povezana - Jana Modrijan\",\"isPartOf\":{\"@id\":\"https:\/\/www.mavricna-sepetanja.si\/#website\"},\"primaryImageOfPage\":{\"@id\":\"https:\/\/www.mavricna-sepetanja.si\/izdelek\/knjiga-povezana\/#primaryimage\"},\"image\":{\"@id\":\"https:\/\/www.mavricna-sepetanja.si\/izdelek\/knjiga-povezana\/#primaryimage\"},\"thumbnailUrl\":\"https:\/\/www.mavricna-sepetanja.si\/wp-content\/uploads\/2025\/10\/Messenger_creation_8B75A14D-70EC-4394-92F1-B04101790B8D.jpeg\",\"datePublished\":\"2025-10-21T11:36:26+00:00\",\"dateModified\":\"2026-02-18T10:37:48+00:00\",\"breadcrumb\":{\"@id\":\"https:\/\/www.mavricna-sepetanja.si\/izdelek\/knjiga-povezana\/#breadcrumb\"},\"inLanguage\":\"en-US\",\"potentialAction\":[{\"@type\":\"ReadAction\",\"target\":[\"https:\/\/www.mavricna-sepetanja.si\/izdelek\/knjiga-povezana\/\"]}]},{\"@type\":\"ImageObject\",\"inLanguage\":\"en-US\",\"@id\":\"https:\/\/www.mavricna-sepetanja.si\/izdelek\/knjiga-povezana\/#primaryimage\",\"url\":\"https:\/\/www.mavricna-sepetanja.si\/wp-content\/uploads\/2025\/10\/Messenger_creation_8B75A14D-70EC-4394-92F1-B04101790B8D.jpeg\",\"contentUrl\":\"https:\/\/www.mavricna-sepetanja.si\/wp-content\/uploads\/2025\/10\/Messenger_creation_8B75A14D-70EC-4394-92F1-B04101790B8D.jpeg\",\"width\":512,\"height\":640},{\"@type\":\"BreadcrumbList\",\"@id\":\"https:\/\/www.mavricna-sepetanja.si\/izdelek\/knjiga-povezana\/#breadcrumb\",\"itemListElement\":[{\"@type\":\"ListItem\",\"position\":1,\"name\":\"Home\",\"item\":\"https:\/\/www.mavricna-sepetanja.si\/\"},{\"@type\":\"ListItem\",\"position\":2,\"name\":\"Trgovina\",\"item\":\"https:\/\/www.mavricna-sepetanja.si\/trgovina\/\"},{\"@type\":\"ListItem\",\"position\":3,\"name\":\"Knjiga Povezana\"}]},{\"@type\":\"WebSite\",\"@id\":\"https:\/\/www.mavricna-sepetanja.si\/#website\",\"url\":\"https:\/\/www.mavricna-sepetanja.si\/\",\"name\":\"Jana Modrijan\",\"description\":\"Pot nazaj k sebi.\",\"potentialAction\":[{\"@type\":\"SearchAction\",\"target\":{\"@type\":\"EntryPoint\",\"urlTemplate\":\"https:\/\/www.mavricna-sepetanja.si\/?s={search_term_string}\"},\"query-input\":{\"@type\":\"PropertyValueSpecification\",\"valueRequired\":true,\"valueName\":\"search_term_string\"}}],\"inLanguage\":\"en-US\"}]}<\/script>\n<!-- \/ Yoast SEO plugin. -->","yoast_head_json":{"title":"Knjiga Povezana - Jana Modrijan","robots":{"index":"index","follow":"follow","max-snippet":"max-snippet:-1","max-image-preview":"max-image-preview:large","max-video-preview":"max-video-preview:-1"},"canonical":"https:\/\/www.mavricna-sepetanja.si\/en\/product\/knjiga-povezana\/","og_locale":"en_US","og_type":"article","og_title":"Knjiga Povezana - Jana Modrijan","og_description":"Dobrodo\u0161la na poti\u00a0Povezanosti\u00a0\u2013 poti, ki presega vsakdanje meje in odpira vrata tvojemu notranjemu svetu ter nebe\u0161kim dimenzijam. Ta knjiga ni le zbirka znanj, ampak tvoja osebna spremljevalka na poti prebujanja in \u017eivljenja kot svetlobno bitje.  V njej bo\u0161 na\u0161la ne\u017ene, a mo\u010dne prakse in rituale, ki te bodo podprli pri povezavi z nadangeli, obvladovanju luninih ciklov ter odkrivanju zdravilne mo\u010di kristalov. Nau\u010dila se bo\u0161 kanaliziranja \u2013 kako sprejemati sporo\u010dila vi\u0161jih sfer, jih \u010distiti in za\u0161\u010dititi svoj prostor ter predajati drugim s popolno avtenti\u010dnostjo.   hitra dostava v 1 do 3 dneh  \u0160tevilo strani: 314    Oglejte si kazalo knjige","og_url":"https:\/\/www.mavricna-sepetanja.si\/en\/product\/knjiga-povezana\/","og_site_name":"Jana Modrijan","article_modified_time":"2026-02-18T10:37:48+00:00","og_image":[{"width":512,"height":640,"url":"https:\/\/www.mavricna-sepetanja.si\/wp-content\/uploads\/2025\/10\/Messenger_creation_8B75A14D-70EC-4394-92F1-B04101790B8D.jpeg","type":"image\/jpeg"}],"twitter_card":"summary_large_image","twitter_misc":{"Est. reading time":"6 minutes"},"schema":{"@context":"https:\/\/schema.org","@graph":[{"@type":"WebPage","@id":"https:\/\/www.mavricna-sepetanja.si\/izdelek\/knjiga-povezana\/","url":"https:\/\/www.mavricna-sepetanja.si\/izdelek\/knjiga-povezana\/","name":"Knjiga Povezana - Jana Modrijan","isPartOf":{"@id":"https:\/\/www.mavricna-sepetanja.si\/#website"},"primaryImageOfPage":{"@id":"https:\/\/www.mavricna-sepetanja.si\/izdelek\/knjiga-povezana\/#primaryimage"},"image":{"@id":"https:\/\/www.mavricna-sepetanja.si\/izdelek\/knjiga-povezana\/#primaryimage"},"thumbnailUrl":"https:\/\/www.mavricna-sepetanja.si\/wp-content\/uploads\/2025\/10\/Messenger_creation_8B75A14D-70EC-4394-92F1-B04101790B8D.jpeg","datePublished":"2025-10-21T11:36:26+00:00","dateModified":"2026-02-18T10:37:48+00:00","breadcrumb":{"@id":"https:\/\/www.mavricna-sepetanja.si\/izdelek\/knjiga-povezana\/#breadcrumb"},"inLanguage":"en-US","potentialAction":[{"@type":"ReadAction","target":["https:\/\/www.mavricna-sepetanja.si\/izdelek\/knjiga-povezana\/"]}]},{"@type":"ImageObject","inLanguage":"en-US","@id":"https:\/\/www.mavricna-sepetanja.si\/izdelek\/knjiga-povezana\/#primaryimage","url":"https:\/\/www.mavricna-sepetanja.si\/wp-content\/uploads\/2025\/10\/Messenger_creation_8B75A14D-70EC-4394-92F1-B04101790B8D.jpeg","contentUrl":"https:\/\/www.mavricna-sepetanja.si\/wp-content\/uploads\/2025\/10\/Messenger_creation_8B75A14D-70EC-4394-92F1-B04101790B8D.jpeg","width":512,"height":640},{"@type":"BreadcrumbList","@id":"https:\/\/www.mavricna-sepetanja.si\/izdelek\/knjiga-povezana\/#breadcrumb","itemListElement":[{"@type":"ListItem","position":1,"name":"Home","item":"https:\/\/www.mavricna-sepetanja.si\/"},{"@type":"ListItem","position":2,"name":"Trgovina","item":"https:\/\/www.mavricna-sepetanja.si\/trgovina\/"},{"@type":"ListItem","position":3,"name":"Knjiga Povezana"}]},{"@type":"WebSite","@id":"https:\/\/www.mavricna-sepetanja.si\/#website","url":"https:\/\/www.mavricna-sepetanja.si\/","name":"Jana Modrijan","description":"Pot nazaj k sebi.","potentialAction":[{"@type":"SearchAction","target":{"@type":"EntryPoint","urlTemplate":"https:\/\/www.mavricna-sepetanja.si\/?s={search_term_string}"},"query-input":{"@type":"PropertyValueSpecification","valueRequired":true,"valueName":"search_term_string"}}],"inLanguage":"en-US"}]}},"_links":{"self":[{"href":"https:\/\/www.mavricna-sepetanja.si\/en\/wp-json\/wp\/v2\/product\/237","targetHints":{"allow":["GET"]}}],"collection":[{"href":"https:\/\/www.mavricna-sepetanja.si\/en\/wp-json\/wp\/v2\/product"}],"about":[{"href":"https:\/\/www.mavricna-sepetanja.si\/en\/wp-json\/wp\/v2\/types\/product"}],"replies":[{"embeddable":true,"href":"https:\/\/www.mavricna-sepetanja.si\/en\/wp-json\/wp\/v2\/comments?post=237"}],"version-history":[{"count":2,"href":"https:\/\/www.mavricna-sepetanja.si\/en\/wp-json\/wp\/v2\/product\/237\/revisions"}],"predecessor-version":[{"id":238,"href":"https:\/\/www.mavricna-sepetanja.si\/en\/wp-json\/wp\/v2\/product\/237\/revisions\/238"}],"wp:featuredmedia":[{"embeddable":true,"href":"https:\/\/www.mavricna-sepetanja.si\/en\/wp-json\/wp\/v2\/media\/506"}],"wp:attachment":[{"href":"https:\/\/www.mavricna-sepetanja.si\/en\/wp-json\/wp\/v2\/media?parent=237"}],"wp:term":[{"taxonomy":"product_brand","embeddable":true,"href":"https:\/\/www.mavricna-sepetanja.si\/en\/wp-json\/wp\/v2\/product_brand?post=237"},{"taxonomy":"product_cat","embeddable":true,"href":"https:\/\/www.mavricna-sepetanja.si\/en\/wp-json\/wp\/v2\/product_cat?post=237"},{"taxonomy":"product_tag","embeddable":true,"href":"https:\/\/www.mavricna-sepetanja.si\/en\/wp-json\/wp\/v2\/product_tag?post=237"}],"curies":[{"name":"wp","href":"https:\/\/api.w.org\/{rel}","templated":true}]}}