{"id":147,"date":"2025-10-20T09:54:33","date_gmt":"2025-10-20T09:54:33","guid":{"rendered":"https:\/\/www.mavricna-sepetanja.si\/?post_type=product&#038;p=147"},"modified":"2026-04-15T06:51:02","modified_gmt":"2026-04-15T06:51:02","slug":"kdo-si-draga-moja","status":"publish","type":"product","link":"https:\/\/www.mavricna-sepetanja.si\/en\/product\/kdo-si-draga-moja\/","title":{"rendered":"Kdo si, draga moja"},"content":{"rendered":"<p><strong>Kdo si, draga moja je knjiga, ki vam lahko izbolj\u0161a \u017eivljenje na vseh podro\u010djih.\u00a0<\/strong>Pomaga obvladovati, morda celo premagati bolezen, izbolj\u0161a \u017eivljenjske navade, delovanje, finance, vse to pa je podprto z osebnoizpovedno zgodbo avtorice.<\/p>\n<p>Jana je bila uspe\u0161na podjetnica, ki pa je na poti padla \u010disto na dno. Mo\u010dno je zbolela, posledi\u010dno pa se ji je \u017eivljenje obrnilo na glavo na vseh podro\u010djih. Ali pa se je najprej na glavo obrnilo \u017eivljenje in je potem zbolela?\u00a0Zgodilo se je oboje.\u00a0Zgodba vas popelje skozi Janino \u017eivljenje, njene navade in programe, mo\u010dno senzibilnost, \u010dustva in \u010dutenja do mo\u010dne volje biti in \u017eiveti \u010dim bolj polno \u017eivljenje in v njem u\u017eivati, obenem pa s svojo izku\u0161njo pomagati drugim.<\/p>\n<p>Pomo\u010d drugim je pri\u0161la spontano, skozi svojo lastno izku\u0161njo, za katero Jana vedno re\u010de, da je bila najte\u017eja preizku\u0161nja v njenem \u017eivljenju, ampak je ne bi zamenjala za ni\u010d na svetu. Danes je zanjo globoko in poni\u017eno hvale\u017ena.<\/p>\n<p><strong>Vsak mojster, vsaka sprememba, vsaka rast se rodi iz najhuj\u0161ih preizku\u0161enj.<\/strong><\/p>\n<p>Knjiga je na nek na\u010din posve\u010dena bolnikom s fibromialgijo, z izgorelostjo in zelo empati\u010dnim, senzibilnim osebam, kajti to je bila diagnoza, ki jo je Jana dobila na koncu tistega res hudega obdobja. Jana skozi knjigo poda svoje videnje, zakaj do bolezni pride, in poda ogromno orodij, s pomo\u010djo katerih si lahko pomagate. Kot si je pomagala tudi sama.\u00a0Vendar \u0161e zdale\u010d ni samo to, je vodi\u010d za pomo\u010d vsem, ki se spopadamo z blokadami, pomanjkanjem denarja, pomanjkanjem ljubezni, sprejemanja, pretirano senzibilnostjo, avtoimunimi boleznimi, glavoboli, nesamozavestjo in, nenazadnje, tudi smrtnimi boleznimi \u2026<\/p>\n<p><strong>Knjiga bralca spodbuja in pelje v njegove globine, k vpra\u0161anju:<\/strong><\/p>\n<ul>\n<li>Kdo si v tem \u017eivljenju?<\/li>\n<li>Kdo si res, brez vseh mask?<\/li>\n<li>Kak\u0161no je tvoje poslanstvo?<\/li>\n<li>Kak\u0161na je zares tvoja pot?<\/li>\n<\/ul>\n<p>&nbsp;<\/p>\n<p><strong>Naniza veliko tehnik in orodij za manifestacijo, vizualizacijo, meditacijo ter s tem izbolj\u0161anje \u017eivljenje na vseh podro\u010djih.<\/strong><\/p>\n<p>Dno sem dosegla, ne takrat, ko sem pri\u0161la do izgorelosti in kasneje v kroni\u010dno bolezen, ampak takrat, ko s trdim delom nisem ve\u010d uspela poravnati svojih finan\u010dnih obveznosti. Takrat sem resni\u010dno pri\u0161la do dna in v enem trenutku ozavestila, da vem, da mora obstajati nekaj ve\u010d, da to resni\u010dno ne more biti vse, kar smo, za kar obstajamo, za kar \u017eivimo. In tako sem se v dolgih no\u010deh brez spanca, za\u010dela globoko povezovati s seboj, s svojo notranjostjo. Meditirala, raziskovala, se u\u010dila in povezovala.<\/p>\n<p>Dokler se mi ni zgodil tisti prelomni trenutek, ko sem se povezala z njo \u2013 izvorno inteligenco. Ljubezen, ki sem jo ob\u010dutila ob tem, se me je globoko dotaknila. Predala sem se ji v svoji globoki, goli iskrenosti. Kdo sem brez vseh mask, olep\u0161av, brez vseh zunanjih vidikov? In ko sem se predala, sem za\u010dela predajati svoje stare programe, po katerih sem delovala, in kreirati, vzpostavljati nove.<\/p>\n<p>Takrat sem resni\u010dno za\u010dela razumeti, kako zelo enostavno je. Kako je \u017ee vse tu. Kako je vse v nas in smo mi del vsega in si zase lahko izberemo kar koli \u2026 Vitko telo, denar, sre\u010dno partnerstvo, lepe po\u010ditnice, dober avto, slu\u017ebo, ki jo obo\u017eujemo, ali pa smo jezni, zagrenjeni, nevo\u0161\u010dljivi, \u017ertve, bolni, ni\u010d nimamo \u2026 Vse, popolnoma vse je na\u0161a lastna izbira in ko si nekaj izberemo, nas univerzalna inteligenca pri tem podpre in kar smo, kar govorimo, kar po\u010dnemo, kar \u017eivimo, to\u010dno to dobimo \u0161e v ve\u010dji meri.<\/p>\n<p><strong>MNENJA O KNJIGI:<\/strong><\/p>\n<p>&#8220;Vsaka intimna, iskrena izpoved ljudi z velikim srcem in pogumom je neprecenljiva, zato sem se s ponosom udele\u017eila otvoritve Janine prve knjige o njeni izgorelosti, fibromialgiji, sesutju vsega, kar je v \u017eivljenju te\u017eko prigarala in njenem ponovnem rojstvu po dolgih letih dela na sebi in vstopa v vi\u0161jo zavest, ki ji je omogo\u010dila zdravljenje in zdaj delo z ljudmi. Navdihujo\u010da knjiga in navdihujo\u010da \u017eenska, bravo Jana. Hvala za tvoj zapis v moj izvod knjige, saj \u017ee ve\u0161, da zbiram pogum za izdajo nove knjige o zelo intimni temi, za kakr\u0161no ni prav veliko ljudi, ki bi si upali na plan s tak\u0161no zgodbo. Iz tvoje knjige sem najprej izlu\u0161\u010dila dejstvo, da sem tako kot ti visoko ob\u010dutljiva in empati\u010dna oseba, nikjer pa \u0161e nisem prebrala tako celovitega zapisa o tak\u0161nih ljudeh, hvala ti za to.\u00a0\u017delim ti veliko uspeha pri svojem delu in \u0161irjenju bogatega znanja, vsem pa priporo\u010dam v branje golo iskreno zgodbo.&#8221;\u00a0&#8211; Tatjana Gr\u010da<\/p>\n<p>&#8220;V knjigi se lepo povezujejo Janina osebna izku\u0161nja, podro\u010dje fizi\u010dnega zdravja in osebne rasti ter pomen vsesplo\u0161nega obilja v \u017eivljenju. Predstavljen pa je tudi program Prebujena, ki ima odli\u010dno strukturo in vam bo dal nove temelje na va\u0161i Poti!\u00a0Res priporo\u010dam, da si preberete knjigo Kdo si, draga moja \u2013 vsebina vam bo prinesla novo \u0161irino &#8211; jaz sem jo kar &#8216;pojedla&#8217; \ud83d\ude42\u00a0Jana je podprla tudi nas, prve udele\u017eenke, ki smo z njo orale ledino in nas je tudi omenila, kar hvale\u017eno pozdravljam! Tako, zdaj imamo novo \u010dtivo in veselim se pogovorov, ki bodo sledili na to temo!&#8221;\u00a0&#8211; Maja Kravanja<\/p>\n<p><strong>O AVTORICI:<\/strong><\/p>\n<p>Jana Modrijan je mama in \u017eena, ki neskon\u010dno ljubi \u017eivali in naravo. V zadnjih letih je z notranjim povezovanjem uspela dobiti veliko ve\u010dji stik najprej sama s seboj, svojim telesom in potem z univerzalno vseobsegajo\u010do inteligenco, ravno s pomo\u010djo narave in \u017eivali.\u00a0Pred nekaj leti je v svojem \u017eivljenju dosegla dno. Bila je lastnica uspe\u0161nega frizerskega salona. Vendar pa je za svoj denar te\u017eko garala, saj je delovala po svojem starem programu, kar je pomenilo delati od jutra do ve\u010dera. Privzgojeno ji je bilo, da je mogo\u010de le s trdim delom uspeti v \u017eivljenju in zaslu\u017eiti.<\/p>","protected":false},"excerpt":{"rendered":"<p>Kdo si, draga moja je knjiga, ki vam lahko izbolj\u0161a \u017eivljenje na vseh podro\u010djih. Pomaga obvladovati, morda celo premagati bolezen, izbolj\u0161a \u017eivljenjske navade, delovanje, finance, vse to pa je podprto z osebnoizpovedno zgodbo.<\/p>","protected":false},"featured_media":154,"comment_status":"open","ping_status":"closed","template":"","meta":[],"product_brand":[],"product_cat":[37,23],"product_tag":[],"class_list":{"0":"post-147","1":"product","2":"type-product","3":"status-publish","4":"has-post-thumbnail","6":"product_cat-izdelki","7":"product_cat-knjige","8":"product_shipping_class-posamezna-knjiga","10":"first","11":"instock","12":"shipping-taxable","13":"purchasable","14":"product-type-simple"},"yoast_head":"<!-- This site is optimized with the Yoast SEO plugin v26.2 - https:\/\/yoast.com\/wordpress\/plugins\/seo\/ -->\n<title>Kdo si, draga moja - Jana Modrijan<\/title>\n<meta name=\"robots\" content=\"index, follow, max-snippet:-1, max-image-preview:large, max-video-preview:-1\" \/>\n<link rel=\"canonical\" href=\"https:\/\/www.mavricna-sepetanja.si\/en\/product\/kdo-si-draga-moja\/\" \/>\n<meta property=\"og:locale\" content=\"en_US\" \/>\n<meta property=\"og:type\" content=\"article\" \/>\n<meta property=\"og:title\" content=\"Kdo si, draga moja - Jana Modrijan\" \/>\n<meta property=\"og:description\" content=\"Kdo si, draga moja je knjiga, ki vam lahko izbolj\u0161a \u017eivljenje na vseh podro\u010djih. Pomaga obvladovati, morda celo premagati bolezen, izbolj\u0161a \u017eivljenjske navade, delovanje, finance, vse to pa je podprto z osebnoizpovedno zgodbo.\" \/>\n<meta property=\"og:url\" content=\"https:\/\/www.mavricna-sepetanja.si\/en\/product\/kdo-si-draga-moja\/\" \/>\n<meta property=\"og:site_name\" content=\"Jana Modrijan\" \/>\n<meta property=\"article:modified_time\" content=\"2026-04-15T06:51:02+00:00\" \/>\n<meta property=\"og:image\" content=\"https:\/\/www.mavricna-sepetanja.si\/wp-content\/uploads\/2025\/10\/kdo-si-draga-moja.png\" \/>\n\t<meta property=\"og:image:width\" content=\"1000\" \/>\n\t<meta property=\"og:image:height\" content=\"1000\" \/>\n\t<meta property=\"og:image:type\" content=\"image\/png\" \/>\n<meta name=\"twitter:card\" content=\"summary_large_image\" \/>\n<meta name=\"twitter:label1\" content=\"Est. reading time\" \/>\n\t<meta name=\"twitter:data1\" content=\"6 minutes\" \/>\n<script type=\"application\/ld+json\" class=\"yoast-schema-graph\">{\"@context\":\"https:\/\/schema.org\",\"@graph\":[{\"@type\":\"WebPage\",\"@id\":\"https:\/\/www.mavricna-sepetanja.si\/izdelek\/kdo-si-draga-moja\/\",\"url\":\"https:\/\/www.mavricna-sepetanja.si\/izdelek\/kdo-si-draga-moja\/\",\"name\":\"Kdo si, draga moja - Jana Modrijan\",\"isPartOf\":{\"@id\":\"https:\/\/www.mavricna-sepetanja.si\/#website\"},\"primaryImageOfPage\":{\"@id\":\"https:\/\/www.mavricna-sepetanja.si\/izdelek\/kdo-si-draga-moja\/#primaryimage\"},\"image\":{\"@id\":\"https:\/\/www.mavricna-sepetanja.si\/izdelek\/kdo-si-draga-moja\/#primaryimage\"},\"thumbnailUrl\":\"https:\/\/www.mavricna-sepetanja.si\/wp-content\/uploads\/2025\/10\/kdo-si-draga-moja.png\",\"datePublished\":\"2025-10-20T09:54:33+00:00\",\"dateModified\":\"2026-04-15T06:51:02+00:00\",\"breadcrumb\":{\"@id\":\"https:\/\/www.mavricna-sepetanja.si\/izdelek\/kdo-si-draga-moja\/#breadcrumb\"},\"inLanguage\":\"en-US\",\"potentialAction\":[{\"@type\":\"ReadAction\",\"target\":[\"https:\/\/www.mavricna-sepetanja.si\/izdelek\/kdo-si-draga-moja\/\"]}]},{\"@type\":\"ImageObject\",\"inLanguage\":\"en-US\",\"@id\":\"https:\/\/www.mavricna-sepetanja.si\/izdelek\/kdo-si-draga-moja\/#primaryimage\",\"url\":\"https:\/\/www.mavricna-sepetanja.si\/wp-content\/uploads\/2025\/10\/kdo-si-draga-moja.png\",\"contentUrl\":\"https:\/\/www.mavricna-sepetanja.si\/wp-content\/uploads\/2025\/10\/kdo-si-draga-moja.png\",\"width\":1000,\"height\":1000},{\"@type\":\"BreadcrumbList\",\"@id\":\"https:\/\/www.mavricna-sepetanja.si\/izdelek\/kdo-si-draga-moja\/#breadcrumb\",\"itemListElement\":[{\"@type\":\"ListItem\",\"position\":1,\"name\":\"Home\",\"item\":\"https:\/\/www.mavricna-sepetanja.si\/\"},{\"@type\":\"ListItem\",\"position\":2,\"name\":\"Trgovina\",\"item\":\"https:\/\/www.mavricna-sepetanja.si\/trgovina\/\"},{\"@type\":\"ListItem\",\"position\":3,\"name\":\"Kdo si, draga moja\"}]},{\"@type\":\"WebSite\",\"@id\":\"https:\/\/www.mavricna-sepetanja.si\/#website\",\"url\":\"https:\/\/www.mavricna-sepetanja.si\/\",\"name\":\"Jana Modrijan\",\"description\":\"Pot nazaj k sebi.\",\"potentialAction\":[{\"@type\":\"SearchAction\",\"target\":{\"@type\":\"EntryPoint\",\"urlTemplate\":\"https:\/\/www.mavricna-sepetanja.si\/?s={search_term_string}\"},\"query-input\":{\"@type\":\"PropertyValueSpecification\",\"valueRequired\":true,\"valueName\":\"search_term_string\"}}],\"inLanguage\":\"en-US\"}]}<\/script>\n<!-- \/ Yoast SEO plugin. -->","yoast_head_json":{"title":"Kdo si, draga moja - Jana Modrijan","robots":{"index":"index","follow":"follow","max-snippet":"max-snippet:-1","max-image-preview":"max-image-preview:large","max-video-preview":"max-video-preview:-1"},"canonical":"https:\/\/www.mavricna-sepetanja.si\/en\/product\/kdo-si-draga-moja\/","og_locale":"en_US","og_type":"article","og_title":"Kdo si, draga moja - Jana Modrijan","og_description":"Kdo si, draga moja je knjiga, ki vam lahko izbolj\u0161a \u017eivljenje na vseh podro\u010djih. Pomaga obvladovati, morda celo premagati bolezen, izbolj\u0161a \u017eivljenjske navade, delovanje, finance, vse to pa je podprto z osebnoizpovedno zgodbo.","og_url":"https:\/\/www.mavricna-sepetanja.si\/en\/product\/kdo-si-draga-moja\/","og_site_name":"Jana Modrijan","article_modified_time":"2026-04-15T06:51:02+00:00","og_image":[{"width":1000,"height":1000,"url":"https:\/\/www.mavricna-sepetanja.si\/wp-content\/uploads\/2025\/10\/kdo-si-draga-moja.png","type":"image\/png"}],"twitter_card":"summary_large_image","twitter_misc":{"Est. reading time":"6 minutes"},"schema":{"@context":"https:\/\/schema.org","@graph":[{"@type":"WebPage","@id":"https:\/\/www.mavricna-sepetanja.si\/izdelek\/kdo-si-draga-moja\/","url":"https:\/\/www.mavricna-sepetanja.si\/izdelek\/kdo-si-draga-moja\/","name":"Kdo si, draga moja - Jana Modrijan","isPartOf":{"@id":"https:\/\/www.mavricna-sepetanja.si\/#website"},"primaryImageOfPage":{"@id":"https:\/\/www.mavricna-sepetanja.si\/izdelek\/kdo-si-draga-moja\/#primaryimage"},"image":{"@id":"https:\/\/www.mavricna-sepetanja.si\/izdelek\/kdo-si-draga-moja\/#primaryimage"},"thumbnailUrl":"https:\/\/www.mavricna-sepetanja.si\/wp-content\/uploads\/2025\/10\/kdo-si-draga-moja.png","datePublished":"2025-10-20T09:54:33+00:00","dateModified":"2026-04-15T06:51:02+00:00","breadcrumb":{"@id":"https:\/\/www.mavricna-sepetanja.si\/izdelek\/kdo-si-draga-moja\/#breadcrumb"},"inLanguage":"en-US","potentialAction":[{"@type":"ReadAction","target":["https:\/\/www.mavricna-sepetanja.si\/izdelek\/kdo-si-draga-moja\/"]}]},{"@type":"ImageObject","inLanguage":"en-US","@id":"https:\/\/www.mavricna-sepetanja.si\/izdelek\/kdo-si-draga-moja\/#primaryimage","url":"https:\/\/www.mavricna-sepetanja.si\/wp-content\/uploads\/2025\/10\/kdo-si-draga-moja.png","contentUrl":"https:\/\/www.mavricna-sepetanja.si\/wp-content\/uploads\/2025\/10\/kdo-si-draga-moja.png","width":1000,"height":1000},{"@type":"BreadcrumbList","@id":"https:\/\/www.mavricna-sepetanja.si\/izdelek\/kdo-si-draga-moja\/#breadcrumb","itemListElement":[{"@type":"ListItem","position":1,"name":"Home","item":"https:\/\/www.mavricna-sepetanja.si\/"},{"@type":"ListItem","position":2,"name":"Trgovina","item":"https:\/\/www.mavricna-sepetanja.si\/trgovina\/"},{"@type":"ListItem","position":3,"name":"Kdo si, draga moja"}]},{"@type":"WebSite","@id":"https:\/\/www.mavricna-sepetanja.si\/#website","url":"https:\/\/www.mavricna-sepetanja.si\/","name":"Jana Modrijan","description":"Pot nazaj k sebi.","potentialAction":[{"@type":"SearchAction","target":{"@type":"EntryPoint","urlTemplate":"https:\/\/www.mavricna-sepetanja.si\/?s={search_term_string}"},"query-input":{"@type":"PropertyValueSpecification","valueRequired":true,"valueName":"search_term_string"}}],"inLanguage":"en-US"}]}},"_links":{"self":[{"href":"https:\/\/www.mavricna-sepetanja.si\/en\/wp-json\/wp\/v2\/product\/147","targetHints":{"allow":["GET"]}}],"collection":[{"href":"https:\/\/www.mavricna-sepetanja.si\/en\/wp-json\/wp\/v2\/product"}],"about":[{"href":"https:\/\/www.mavricna-sepetanja.si\/en\/wp-json\/wp\/v2\/types\/product"}],"replies":[{"embeddable":true,"href":"https:\/\/www.mavricna-sepetanja.si\/en\/wp-json\/wp\/v2\/comments?post=147"}],"version-history":[{"count":1,"href":"https:\/\/www.mavricna-sepetanja.si\/en\/wp-json\/wp\/v2\/product\/147\/revisions"}],"predecessor-version":[{"id":1144,"href":"https:\/\/www.mavricna-sepetanja.si\/en\/wp-json\/wp\/v2\/product\/147\/revisions\/1144"}],"wp:featuredmedia":[{"embeddable":true,"href":"https:\/\/www.mavricna-sepetanja.si\/en\/wp-json\/wp\/v2\/media\/154"}],"wp:attachment":[{"href":"https:\/\/www.mavricna-sepetanja.si\/en\/wp-json\/wp\/v2\/media?parent=147"}],"wp:term":[{"taxonomy":"product_brand","embeddable":true,"href":"https:\/\/www.mavricna-sepetanja.si\/en\/wp-json\/wp\/v2\/product_brand?post=147"},{"taxonomy":"product_cat","embeddable":true,"href":"https:\/\/www.mavricna-sepetanja.si\/en\/wp-json\/wp\/v2\/product_cat?post=147"},{"taxonomy":"product_tag","embeddable":true,"href":"https:\/\/www.mavricna-sepetanja.si\/en\/wp-json\/wp\/v2\/product_tag?post=147"}],"curies":[{"name":"wp","href":"https:\/\/api.w.org\/{rel}","templated":true}]}}