{"id":451,"date":"2025-11-03T09:24:29","date_gmt":"2025-11-03T09:24:29","guid":{"rendered":"https:\/\/www.mavricna-sepetanja.si\/?page_id=451"},"modified":"2025-11-19T12:22:49","modified_gmt":"2025-11-19T12:22:49","slug":"pogoji-zasebnosti","status":"publish","type":"page","link":"https:\/\/www.mavricna-sepetanja.si\/en\/pogoji-zasebnosti\/","title":{"rendered":"Pogoji zasebnosti"},"content":{"rendered":"<p><strong>POGOJI ZASEBNOSTI<\/strong><\/p>\n\n\n\n<p>Pogoji zasebnosti podjetja <strong>JANJA MODRIJAN S.P.<\/strong><\/p>\n\n\n\n<p><strong>POMEN POJMOV<\/strong><\/p>\n\n\n\n<p><strong>Pogoji zasebnosti<\/strong><\/p>\n\n\n\n<p>Pogoji zasebnosti so interni akt podjetja <strong>JANJA MODRIJAN S.P.<\/strong>  \u200b(v nadaljevanju: obdelovalec) in veljajo za vsa pravna razmerja med njim in naro\u010dniki storitev (v nadaljevanju: upravljavec). Akt dolo\u010da pravice in obveznosti obdelovalca in upravljavca pri upravljanju in obdelovanju osebnih podatkov posameznikov.<\/p>\n\n\n\n<p><strong>Osebni podatek<\/strong><\/p>\n\n\n\n<p>Osebni podatek pomeni katerokoli informacijo v zvezi z dolo\u010denim ali dolo\u010dljivim posameznikom, ki je fizi\u010dna oseba. Dolo\u010den posameznik je tisti, katerega osebni podatki so dolo\u010deni in obdelovani v skladu z nameni, ki jih dolo\u010di upravljavec. Dolo\u010dljiv posameznik je tisti, ki ga je mogo\u010de neposredno ali posredno dolo\u010diti ter njegove osebne podatke obdelovati v skladu z nameni, ki jih dolo\u010di upravljavec.<\/p>\n\n\n\n<p><strong>Posameznik<\/strong><\/p>\n\n\n\n<p>Posameznik je vsaka fizi\u010dna oseba, katere osebni podatki so obdelovani na zakoniti ali pogodbeni podlagi med upravljavcem in tem posameznikom ali na podlagi izrecne privolitve, ki jo je posameznik dal upravljavcu.<\/p>\n\n\n\n<p><strong>Upravljavec<\/strong><\/p>\n\n\n\n<p>Upravljavec dolo\u010da namene in sredstva obdelave v okviru svoje registrirane dejavnosti in\/ali zakonskih pooblastil. Posameznik je vnaprej seznanjen, kdo je upravljavec osebnih podatkov in kdo je obdelovalec njegovih osebnih podatkov.<\/p>\n\n\n\n<p><strong>Obdelovalec<\/strong><\/p>\n\n\n\n<p>Obdelovalec obdeluje osebne podatke posameznikov v imenu upravljavca, po njegovih navodilih, v okviru zakonitih namenov in na\u010dinov obdelave.<\/p>\n\n\n\n<p><strong>Podobdelovalec<\/strong><\/p>\n\n\n\n<p>Podobdelovalec obdeluje osebne podatke posameznikov v imenu in po navodilih obdelovalca, v okviru zakonitih namenov in na\u010dinov obdelave.<\/p>\n\n\n\n<p><strong>Obdelava<\/strong><\/p>\n\n\n\n<p>Obdelava osebnih podatkov pomeni vsako dejanje ali niz dejanj, ki se izvaja v zvezi z osebnimi podatki ali nizi osebnih podatkov z avtomatiziranimi sredstvi ali brez njih, kot je zbiranje, bele\u017eenje, urejanje, strukturiranje, shranjevanje, prilagajanje ali spreminjanje, priklic, vpogled, uporaba, razkritje s posredovanjem, raz\u0161irjanje ali druga\u010dno omogo\u010danje dostopa, prilagajanje ali kombiniranje, omejevanje, izbris ali uni\u010denje.<\/p>\n\n\n\n<p><strong>Omejitev obdelave<\/strong><\/p>\n\n\n\n<p>Omejitev obdelave pomeni ozna\u010devanje shranjenih osebnih podatkov zaradi omejevanja njihove obdelave v bodo\u010de.<\/p>\n\n\n\n<p><strong>Oblikovanje profilov<\/strong><\/p>\n\n\n\n<p>Oblikovanje profilov pomeni vsako obliko avtomatizirane obdelave osebnih podatkov, ki vklju\u010duje uporabo osebnih podatkov za ocenjevanje nekaterih osebnih vidikov v zvezi s posameznikom, zlasti za analizo ali predvidevanje uspe\u0161nosti pri delu, ekonomskega polo\u017eaja, zdravja, osebnega okusa, interesov, zanesljivosti, vedenja, lokacije ali gibanja tega posameznika.<\/p>\n\n\n\n<p><strong>Psevdonimizacija<\/strong><\/p>\n\n\n\n<p>Psevdonimizacija pomeni obdelavo osebnih podatkov na tak na\u010din, da osebnih podatkov brez dodatnih informacij ni ve\u010d mogo\u010de pripisati specifi\u010dnemu posamezniku, na katerega se nana\u0161ajo osebni podatki, \u010de se take informacije hranijo lo\u010deno ter zanje veljajo tehni\u010dni in organizacijski ukrepi za zagotavljanje,<br>da se osebni podatki ne pripi\u0161ejo dolo\u010denemu ali dolo\u010dljivemu posamezniku.<\/p>\n\n\n\n<p><strong>Privolitev posameznika<\/strong><\/p>\n\n\n\n<p>Privolitev posameznika, na katerega se nana\u0161ajo osebni podatki, pomeni vsako prostovoljno, izrecno, informirano in nedvoumno izjavo volje posameznika, na katerega se nana\u0161ajo osebni podatki, s katero z izjavo ali jasnim pritrdilnim dejanjem izrazi soglasje z obdelavo osebnih podatkov, ki se nana\u0161ajo nanj.<\/p>\n\n\n\n<p><strong>Kr\u0161itev varstva osebnih podatkov<\/strong><\/p>\n\n\n\n<p>Kr\u0161itev varstva osebnih podatkov pomeni kr\u0161itev varnosti, ki povzro\u010di namerno ali nezakonito uni\u010denje, izgubo, spremembo, nepoobla\u0161\u010deno razkritje ali dostop do osebnih podatkov, ki so poslani, shranjeni ali kako druga\u010de obdelani.<\/p>\n\n\n\n<p><strong>OBDELAVA OSEBNIH PODATKOV<\/strong><\/p>\n\n\n\n<p><strong>Podatki obdelovalca<\/strong><\/p>\n\n\n\n<p><strong><strong>JANJA MODRIJAN S.P.<\/strong><br><a href=\"javascript:void(0);\">Tr\u017ea\u0161ka cesta 87B, Logatec, 1370 Logatec<\/a><\/strong><br>Mati\u010dna \u0161tevilka: 1326392000<br>Dav\u010dna \u0161tevilka: 70945403<br>Odgovorna oseba za dajanje informacij v zvezi s tem aktom in varstvom osebnih podatkov je:\u00a0Janja Modrijan<\/p>\n\n\n\n<p><strong>Podobdelovalci<\/strong><\/p>\n\n\n\n<p>Obdelovalec ima sklenjene pogodbe o nadaljnji obdelavi osebnih podatkov posameznikov dolo\u010denega upravljavca v primerih, ko ima za izvajanje svojih storitev zunanje obdelovalce, ki so v razmerju do upravljavca njegovi podobdelovalci. Obdelovalec je odgovoren za izbiro podobdelovalcev in skrbi, da<br>so zavezani k enaki ali vi\u0161ji stopnji varovanja osebnih podatkov, kakor to dolo\u010dajo slovenski predpisi in predpisi Evropske unije. Obdelovalec obve\u0161\u010da upravljavca o svojih obstoje\u010dih obdelovalcih ter o vsakokratni zamenjavi obdelovalcev ali najemu novih obdelovalcev. To stori z najavo objave novih pogojev zasebnosti, v katerih navede nove obdelovalce ter da upravljavcu na voljo trideset dni \u010dasa, da se izre\u010de o spremembah, jih potrdi ali nasprotuje.<\/p>\n\n\n\n<p><strong>Pravna podlaga za obdelavo osebnih podatkov<\/strong><\/p>\n\n\n\n<p>Obdelovalec ima pravno podlago za obdelavo osebnih podatkov posameznikov dolo\u010denega upravljavca v predhodno sklenjeni pogodbi med upravljavcem in obdelovalcem ali na podlagi drugega dogovora o naro\u010dilu storitve.<\/p>\n\n\n\n<p>Obdelovalec je odgovoren, da so upravljavci seznanjeni s tem aktom in drugimi akti obdelovalca, kolikor urejajo podro\u010dje obdelave osebnih podatkov posameznikov in\/ali pogojev poslovanja za izvajanje naro\u010denih storitev.<\/p>\n\n\n\n<p>Upravljavec je odgovoren za zagotovitev ustreznih pravnih podlag za obdelavo osebnih podatkov (zakoniti interes, pogodbeni interes in\/ali izrecna privolitev posameznika).<\/p>\n\n\n\n<p><strong>Vrste osebnih podatkov<\/strong><\/p>\n\n\n\n<p>Obdelovalec obdeluje tiste osebne podatke, ki mu jih posreduje upravljavec. Obdelovalec nikoli ne obdeluje drugih osebnih podatkov posameznikov dolo\u010denega upravljavca.<\/p>\n\n\n\n<p><strong>Nameni obdelave osebnih podatkov<\/strong><\/p>\n\n\n\n<p>Obdelovalec obdeluje osebne podatke posameznikov dolo\u010denega upravljavca le za namene, za katere mu je upravljavec dal navodilo. Obdelovalec nikoli ne obdeluje osebnih podatkov posameznikov dolo\u010denega upravljavca za druge namene.<\/p>\n\n\n\n<p><strong>Vloga upravljavca<\/strong><\/p>\n\n\n\n<p>Upravljavec je dol\u017ean obdelovalcu dajati navodila za obdelavo tistih osebnih podatkov posameznikov, s katerimi upravlja. Upravljavec mora obdelovalcu jasno in nedvoumno dati informacijo, katere vrste osebnih podatkov in za katere namene lahko obdeluje.<\/p>\n\n\n\n<p><strong>Dokumentirana navodila upravljavca<\/strong><\/p>\n\n\n\n<p>Po tem aktu je upravljavec dol\u017ean obdelovalcu dolo\u010diti vsebino in trajanje obdelave osebnih podatkov, naravo in namen obdelave, vrste osebnih podatkov ter kategorije posameznikov, na katere se nana\u0161ajo osebni podatki.<\/p>\n\n\n\n<p>Navodila upravljavca morajo biti dokumentirana, pri \u010demer so lahko dana v pisni obliki po navadni ali elektronski po\u0161ti, v primeru ustnih navodil pa obdelovalec zahteva \u0161e pisno potrditev po navadni ali elektronski po\u0161ti.<\/p>\n\n\n\n<p>Obdelovalec ni odgovoren za zakonitost navodil, ki jih prejme od upravljavca za obdelavo osebnih podatkov posameznikov dolo\u010denega upravljavca.<\/p>\n\n\n\n<p><strong>Zaupnost podatkov<\/strong><\/p>\n\n\n\n<p>Obdelovalec zagotavlja, da so osebe, ki so poobla\u0161\u010dene za obdelavo osebnih podatkov, zavezane k zaupnosti ali jih k zaupnosti zavezuje ustrezen zakon. Obdelovalec ima sprejet notranji Pravilnik o varstvu osebnih podatkov ter od vseh zaposlenih in zunanjih sodelavcev pridobi pisno zavezo k zaupnosti podatkov, seznanitev s pravilnikom ter ustreznimi varnostnimi ukrepi, ki jih obdelovalec izvaja, da zagotavlja ustrezno stopnjo varnosti podatkov.<\/p>\n\n\n\n<p><strong>Pravice posameznikov<\/strong><\/p>\n\n\n\n<p>Obdelovalec tehni\u010dno poskrbi, da po navodilu upravljavca in v zakonitem obsegu, zagotovi podporo in tehni\u010dne re\u0161itve ter kon\u010dne podatke, ki jih upravljavec potrebuje, ko posamezniki pri upravljavcu izvr\u0161ujejo eno ali ve\u010d pravic, ki jim jih dolo\u010da zakonodaja: pravica do popravka, pravica do izbrisa, pravica do omejitve obdelave, pravica do prenosljivosti podatkov in pravica do ugovora.<\/p>\n\n\n\n<p><strong>Izbris ali prenos podatkov<\/strong><\/p>\n\n\n\n<p>Obdelovalec na podlagi predhodnega dokumentiranega navodila upravljavca izbri\u0161e ali vrne vse osebne podatke upravljavcu po zaklju\u010dku storitve, ki jo za upravljavca izvaja ter uni\u010di obstoje\u010de kopije, razen v primerih, ko shranjevanje podatkov predpisuje zakonodaja.<\/p>\n\n\n\n<p><strong>Dostop do informacij<\/strong><\/p>\n\n\n\n<p>Obdelovalec zagotavlja upravljavcu vse informacije, potrebne za dokazovanje izpolnjevanja obveznosti iz tega akta in zakonodaje, ter upravljavcu ali drugemu revizorju, ki ga pooblasti upravljavec, omogo\u010di izvajanje revizij, tudi pregledov, in pri njih sodeluje.<\/p>\n\n\n\n<p><strong>VARNOST OBDELAVE OSEBNIH PODATKOV<\/strong><\/p>\n\n\n\n<p><strong>Varnost obdelave<\/strong><\/p>\n\n\n\n<p>Obdelovalec in upravljavec ob upo\u0161tevanju najnovej\u0161ega tehnolo\u0161kega razvoja in stro\u0161kov izvajanja ter narave, obsega, okoli\u0161\u010din in namenov obdelave, pa tudi tveganj za pravice in svobo\u0161\u010dine posameznikov, ki se razlikujejo po verjetnosti in resnosti, upravljavec in obdelovalec z izvajanjem ustreznih tehni\u010dnih in organizacijskih ukrepov zagotovita ustrezno raven varnosti glede na tveganje, vklju\u010dno med drugim z ukrepi, ki zajemajo:<\/p>\n\n\n\n<ul class=\"wp-block-list\">\n<li>psevdonimizacijo in \u0161ifriranje osebnih podatkov,<\/li>\n\n\n\n<li>zmo\u017enost zagotavljanja stalne zaupnosti in celovitosti, dostopnosti in odpornosti sistemov in storitev za obdelavo,<\/li>\n\n\n\n<li>zmo\u017enost pravo\u010dasne povrnitve razpolo\u017eljivosti in dostopa do osebnih podatkov v primeru fizi\u010dnega ali tehni\u010dnega incidenta,<\/li>\n\n\n\n<li>postopke rednega testiranja, ocenjevanja in vrednotenja u\u010dinkovitosti tehni\u010dnih in organizacijskih ukrepov za zagotavljanje varnosti obdelave.<\/li>\n<\/ul>\n\n\n\n<p>Pri dolo\u010danju ustrezne ravni varnosti se upo\u0161tevajo zlasti tveganja, ki jih pomeni obdelava, zlasti zaradi nenamernega ali nezakonitega uni\u010denja, izgube, spremembe, nepoobla\u0161\u010denega razkritja ali dostopa do osebnih podatkov, ki so poslani, shranjeni ali kako druga\u010de obdelani.<\/p>\n\n\n\n<p><strong>Poobla\u0161\u010dena oseba za varstvo podatkov<\/strong><\/p>\n\n\n\n<p>Obdelovalec ni zavezan k imenovanju osebe, poobla\u0161\u010dene za varstvo osebnih podatkov, ker obdelave ne opravlja kot javni organ ali telo, prav tako v temeljni dejavnosti ne izvaja obdelave, pri kateri bi bilo potrebno zaradi njihove narave, obsega in\/ali namenov posameznike, na katere se nana\u0161ajo osebni podatki, redno in sistemati\u010dno obse\u017eno spremljati ter temeljna dejavnost obdelovalca ne zajema<br>obse\u017ene obdelave posebnih vrst osebnih podatkov.<\/p>\n\n\n\n<p><strong>Varnostni ukrepi<\/strong><\/p>\n\n\n\n<p>Obdelovalec zagotavlja ustrezne varnostne ukrepe pri obdelavi osebnih podatkov za zagotavljanje varstva osebnih podatkov. Varnostni ukrepi se redno spremljajo in posodabljajo skladno z razvojem tehnologije in zahtev zakonodaje.<\/p>\n\n\n\n<p>Obdelovalec upravljavca obve\u0161\u010da o varnostnih ukrepih ter ustreznih tehni\u010dnih re\u0161itvah v lo\u010denem dokumentu, ki je sestavni del teh pogojev zasebnosti, ki urejajo pravna razmerja med upravljavcem in obdelovalcem in Pravilnika o varstvu osebnih podatkov, ki ureja pravna razmerja med obdelovalcem in zaposlenimi, ki obdelujejo osebne podatke posameznikov dolo\u010denega upravljavca.<\/p>\n\n\n\n<p><strong>KON\u010cNE DOLO\u010cBE<\/strong><\/p>\n\n\n\n<p><strong>Zavezujo\u010da narava pravnih pogojev<\/strong><\/p>\n\n\n\n<ul class=\"wp-block-list\">\n<li>Pogoji zasebnosti<strong>\u00a0veljajo za vse upravljavce<\/strong>, s katerimi ima obdelovalec urejen pravno-poslovni odnos s pogodbo ali pisno preko elektronske po\u0161te in jih upravljavci potrdijo preko elektronske po\u0161te ter se \u0161teje, da je bil sprejet aneks k obstoje\u010demu pravnemu razmerju oziroma s pisnim aneksom k<br>obstoje\u010di pisni pogodbi, \u010de upravljavec to zahteva.<\/li>\n\n\n\n<li>Pogoji zasebnosti so\u00a0<strong>zavezujo\u010di za vse pravne posle<\/strong>, ki se sklepajo na njihovi podlagi.<\/li>\n\n\n\n<li>Pogoji zasebnosti so\u00a0<strong>sestavni del naro\u010dila storitve<\/strong>\u00a0s strani upravljavca.<\/li>\n\n\n\n<li>Upravljavec potrdi\u00a0<strong>seznanitev in strinjanje<\/strong>\u00a0s temi pogoji zasebnosti pred naro\u010dilom storitve (v pogodbi ali pisno preko elektronske komunikacije).<\/li>\n<\/ul>\n\n\n\n<p><strong>Spremembe pogojev zasebnosti<\/strong><\/p>\n\n\n\n<ul class=\"wp-block-list\">\n<li>Obdelovalec pogoje zasebnosti redno posodablja z zakonskimi spremembami.<\/li>\n\n\n\n<li>Obdelovalec upravljavca obve\u0161\u010da o spremembah pravo\u010dasno v pisni obliki z elektronskim sporo\u010dilom.<\/li>\n\n\n\n<li>Obdelovalec zagotavlja arhiv sprememb pogojev zasebnosti, ki je vsakemu upravljavcu dostopen s predhodno pisno zahtevo na kontaktni elektronski naslov obdelovalca.<\/li>\n<\/ul>\n\n\n\n<p><strong>Re\u0161evanje sporov<\/strong><\/p>\n\n\n\n<p>Obdelovalec in upravljavec se zavezujeta morebitna nesoglasja in spore&nbsp;<strong>re\u0161evati mirno in<\/strong> <strong>sporazumno.<\/strong>&nbsp;Kolikor sporazumna re\u0161itev ne bo mogo\u010da, je za re\u0161evanje spora pristojno sodi\u0161\u010de&nbsp;<strong>v<\/strong> <strong>Republiki Sloveniji po sede\u017eu obdelovalca<\/strong>.<\/p>","protected":false},"excerpt":{"rendered":"<p>POGOJI ZASEBNOSTI Pogoji zasebnosti podjetja JANJA MODRIJAN S.P. POMEN POJMOV Pogoji zasebnosti Pogoji zasebnosti so interni akt podjetja JANJA MODRIJAN S.P. \u200b(v nadaljevanju: obdelovalec) in veljajo za vsa pravna razmerja med njim in naro\u010dniki storitev (v nadaljevanju: upravljavec). Akt dolo\u010da pravice in obveznosti obdelovalca in upravljavca pri upravljanju in obdelovanju osebnih podatkov posameznikov. Osebni podatek [&hellip;]<\/p>","protected":false},"author":1,"featured_media":0,"parent":0,"menu_order":0,"comment_status":"closed","ping_status":"closed","template":"","meta":{"footnotes":""},"class_list":["post-451","page","type-page","status-publish","hentry"],"yoast_head":"<!-- This site is optimized with the Yoast SEO plugin v26.2 - https:\/\/yoast.com\/wordpress\/plugins\/seo\/ -->\n<title>Pogoji zasebnosti - Jana Modrijan<\/title>\n<meta name=\"description\" content=\"Odkrijte, kako spletna stran Jana Modrijan varuje va\u0161e osebne podatke. Preberite politiko zasebnosti, namen obdelave in pravice uporabnikov.\" \/>\n<meta name=\"robots\" content=\"index, follow, max-snippet:-1, max-image-preview:large, max-video-preview:-1\" \/>\n<link rel=\"canonical\" href=\"https:\/\/www.mavricna-sepetanja.si\/en\/pogoji-zasebnosti\/\" \/>\n<meta property=\"og:locale\" content=\"en_US\" \/>\n<meta property=\"og:type\" content=\"article\" \/>\n<meta property=\"og:title\" content=\"Pogoji zasebnosti - Jana Modrijan\" \/>\n<meta property=\"og:description\" content=\"Odkrijte, kako spletna stran Jana Modrijan varuje va\u0161e osebne podatke. Preberite politiko zasebnosti, namen obdelave in pravice uporabnikov.\" \/>\n<meta property=\"og:url\" content=\"https:\/\/www.mavricna-sepetanja.si\/en\/pogoji-zasebnosti\/\" \/>\n<meta property=\"og:site_name\" content=\"Jana Modrijan\" \/>\n<meta property=\"article:modified_time\" content=\"2025-11-19T12:22:49+00:00\" \/>\n<meta name=\"twitter:card\" content=\"summary_large_image\" \/>\n<meta name=\"twitter:label1\" content=\"Est. reading time\" \/>\n\t<meta name=\"twitter:data1\" content=\"9 minutes\" \/>\n<script type=\"application\/ld+json\" class=\"yoast-schema-graph\">{\"@context\":\"https:\/\/schema.org\",\"@graph\":[{\"@type\":\"WebPage\",\"@id\":\"https:\/\/www.mavricna-sepetanja.si\/pogoji-zasebnosti\/\",\"url\":\"https:\/\/www.mavricna-sepetanja.si\/pogoji-zasebnosti\/\",\"name\":\"Pogoji zasebnosti - Jana Modrijan\",\"isPartOf\":{\"@id\":\"https:\/\/www.mavricna-sepetanja.si\/#website\"},\"datePublished\":\"2025-11-03T09:24:29+00:00\",\"dateModified\":\"2025-11-19T12:22:49+00:00\",\"description\":\"Odkrijte, kako spletna stran Jana Modrijan varuje va\u0161e osebne podatke. Preberite politiko zasebnosti, namen obdelave in pravice uporabnikov.\",\"breadcrumb\":{\"@id\":\"https:\/\/www.mavricna-sepetanja.si\/pogoji-zasebnosti\/#breadcrumb\"},\"inLanguage\":\"en-US\",\"potentialAction\":[{\"@type\":\"ReadAction\",\"target\":[\"https:\/\/www.mavricna-sepetanja.si\/pogoji-zasebnosti\/\"]}]},{\"@type\":\"BreadcrumbList\",\"@id\":\"https:\/\/www.mavricna-sepetanja.si\/pogoji-zasebnosti\/#breadcrumb\",\"itemListElement\":[{\"@type\":\"ListItem\",\"position\":1,\"name\":\"Home\",\"item\":\"https:\/\/www.mavricna-sepetanja.si\/\"},{\"@type\":\"ListItem\",\"position\":2,\"name\":\"Pogoji zasebnosti\"}]},{\"@type\":\"WebSite\",\"@id\":\"https:\/\/www.mavricna-sepetanja.si\/#website\",\"url\":\"https:\/\/www.mavricna-sepetanja.si\/\",\"name\":\"Jana Modrijan\",\"description\":\"Pot nazaj k sebi.\",\"potentialAction\":[{\"@type\":\"SearchAction\",\"target\":{\"@type\":\"EntryPoint\",\"urlTemplate\":\"https:\/\/www.mavricna-sepetanja.si\/?s={search_term_string}\"},\"query-input\":{\"@type\":\"PropertyValueSpecification\",\"valueRequired\":true,\"valueName\":\"search_term_string\"}}],\"inLanguage\":\"en-US\"}]}<\/script>\n<!-- \/ Yoast SEO plugin. -->","yoast_head_json":{"title":"Pogoji zasebnosti - Jana Modrijan","description":"Odkrijte, kako spletna stran Jana Modrijan varuje va\u0161e osebne podatke. Preberite politiko zasebnosti, namen obdelave in pravice uporabnikov.","robots":{"index":"index","follow":"follow","max-snippet":"max-snippet:-1","max-image-preview":"max-image-preview:large","max-video-preview":"max-video-preview:-1"},"canonical":"https:\/\/www.mavricna-sepetanja.si\/en\/pogoji-zasebnosti\/","og_locale":"en_US","og_type":"article","og_title":"Pogoji zasebnosti - Jana Modrijan","og_description":"Odkrijte, kako spletna stran Jana Modrijan varuje va\u0161e osebne podatke. Preberite politiko zasebnosti, namen obdelave in pravice uporabnikov.","og_url":"https:\/\/www.mavricna-sepetanja.si\/en\/pogoji-zasebnosti\/","og_site_name":"Jana Modrijan","article_modified_time":"2025-11-19T12:22:49+00:00","twitter_card":"summary_large_image","twitter_misc":{"Est. reading time":"9 minutes"},"schema":{"@context":"https:\/\/schema.org","@graph":[{"@type":"WebPage","@id":"https:\/\/www.mavricna-sepetanja.si\/pogoji-zasebnosti\/","url":"https:\/\/www.mavricna-sepetanja.si\/pogoji-zasebnosti\/","name":"Pogoji zasebnosti - Jana Modrijan","isPartOf":{"@id":"https:\/\/www.mavricna-sepetanja.si\/#website"},"datePublished":"2025-11-03T09:24:29+00:00","dateModified":"2025-11-19T12:22:49+00:00","description":"Odkrijte, kako spletna stran Jana Modrijan varuje va\u0161e osebne podatke. Preberite politiko zasebnosti, namen obdelave in pravice uporabnikov.","breadcrumb":{"@id":"https:\/\/www.mavricna-sepetanja.si\/pogoji-zasebnosti\/#breadcrumb"},"inLanguage":"en-US","potentialAction":[{"@type":"ReadAction","target":["https:\/\/www.mavricna-sepetanja.si\/pogoji-zasebnosti\/"]}]},{"@type":"BreadcrumbList","@id":"https:\/\/www.mavricna-sepetanja.si\/pogoji-zasebnosti\/#breadcrumb","itemListElement":[{"@type":"ListItem","position":1,"name":"Home","item":"https:\/\/www.mavricna-sepetanja.si\/"},{"@type":"ListItem","position":2,"name":"Pogoji zasebnosti"}]},{"@type":"WebSite","@id":"https:\/\/www.mavricna-sepetanja.si\/#website","url":"https:\/\/www.mavricna-sepetanja.si\/","name":"Jana Modrijan","description":"Pot nazaj k sebi.","potentialAction":[{"@type":"SearchAction","target":{"@type":"EntryPoint","urlTemplate":"https:\/\/www.mavricna-sepetanja.si\/?s={search_term_string}"},"query-input":{"@type":"PropertyValueSpecification","valueRequired":true,"valueName":"search_term_string"}}],"inLanguage":"en-US"}]}},"_links":{"self":[{"href":"https:\/\/www.mavricna-sepetanja.si\/en\/wp-json\/wp\/v2\/pages\/451","targetHints":{"allow":["GET"]}}],"collection":[{"href":"https:\/\/www.mavricna-sepetanja.si\/en\/wp-json\/wp\/v2\/pages"}],"about":[{"href":"https:\/\/www.mavricna-sepetanja.si\/en\/wp-json\/wp\/v2\/types\/page"}],"author":[{"embeddable":true,"href":"https:\/\/www.mavricna-sepetanja.si\/en\/wp-json\/wp\/v2\/users\/1"}],"replies":[{"embeddable":true,"href":"https:\/\/www.mavricna-sepetanja.si\/en\/wp-json\/wp\/v2\/comments?post=451"}],"version-history":[{"count":1,"href":"https:\/\/www.mavricna-sepetanja.si\/en\/wp-json\/wp\/v2\/pages\/451\/revisions"}],"predecessor-version":[{"id":452,"href":"https:\/\/www.mavricna-sepetanja.si\/en\/wp-json\/wp\/v2\/pages\/451\/revisions\/452"}],"wp:attachment":[{"href":"https:\/\/www.mavricna-sepetanja.si\/en\/wp-json\/wp\/v2\/media?parent=451"}],"curies":[{"name":"wp","href":"https:\/\/api.w.org\/{rel}","templated":true}]}}