{"id":446,"date":"2025-11-03T09:21:19","date_gmt":"2025-11-03T09:21:19","guid":{"rendered":"https:\/\/www.mavricna-sepetanja.si\/?page_id=446"},"modified":"2025-11-19T12:21:47","modified_gmt":"2025-11-19T12:21:47","slug":"piskotki","status":"publish","type":"page","link":"https:\/\/www.mavricna-sepetanja.si\/en\/piskotki\/","title":{"rendered":"Pi\u0161kotki"},"content":{"rendered":"<p>Da bi vam olaj\u0161ali uporabo na\u0161e spletne strani in jo naredili bolj prijetno, uporabljamo \u00bbpi\u0161kotke\u00ab. Pi\u0161kotki so majhne podatkovne enote, ki nam omogo\u010dajo primerjavo novih in predhodnih obiskovalcev, razumevanje, kako uporabljajo na\u0161o stran. Posredujejo nam podatke, s katerimi lahko naredimo prihodnji obisk spletne strani bolj prijeten in u\u010dinkovit. \u010ce ne \u017eelite uporabljati pi\u0161kotkov, nastavite svoj ra\u010dunalnik tako, da izbri\u0161e vse pi\u0161kotke spletnih strani in\/ali vas opozori, preden se pi\u0161kotek shrani na disk. \u010ce ne \u017eelite spremeniti uporabe pi\u0161kotkov, preprosto nadaljujte na spletno stran.<\/p>\n\n\n\n<p>Upravljavec spletnega mesta in vseh podatkov povezanih z njim je:<\/p>\n\n\n\n<p><strong>Ime in priimek ali Naziv podjetja: JANJA MODRIJAN S.P.<br>Naslov: <a href=\"javascript:void(0);\">Tr\u017ea\u0161ka cesta 87B<\/a><br>Po\u0161ta in kraj:\u00a0 <strong><a href=\"javascript:void(0);\">1370 Logatec<\/a><\/strong><br>Naslov elektronske po\u0161te: jana@janamodrijan.si<br>Kontaktna telefonska \u0161tevilka:<\/strong> <a href=\"tel:01 7542865\">01 7542865<\/a><\/p>\n\n\n\n<p>Za ve\u010d informacij o pi\u0161kotkih in njihovem vplivu na&nbsp;<a href=\"https:\/\/www.aboutcookies.org\/\">www.aboutcookies.org<\/a>.<\/p>\n\n\n\n<p><strong>VRSTE PI\u0160KOTKOV, KI JIH UPORABLJAMO<\/strong><\/p>\n\n\n\n<figure class=\"wp-block-table\"><table class=\"has-fixed-layout\"><tbody><tr><td><strong>Ime pi\u0161kotka<\/strong><\/td><td><strong>Namen<\/strong><\/td><td><strong>\u010cas trajanja<\/strong><\/td><\/tr><tr><td>CookiePreferences<\/td><td>Pi\u0161kotek v katerem se hrani Va\u0161e strinjanje z uporabo Googlovih storitev.<\/td><td>Dve leti.<\/td><\/tr><tr><td>NID<\/td><td>Identifikator za Google nastavitve<\/td><td>10 mesecev.<\/td><\/tr><tr><td>PH_HPXY_CHECK<\/td><td>Pi\u0161kotek pomemben za samo delovanje spletne strani, nalo\u017ei se ob vsakem obisku spletne strani, traja 1 sejo<\/td><td>Do zaprtja brskalnika.<\/td><\/tr><tr><td>_ga<\/td><td>Statistika ogledov spletne strani<\/td><td>Dve leti.<\/td><\/tr><tr><td>_gid<\/td><td>Statistika ogledov spletne strani<\/td><td>En dan.<\/td><\/tr><tr><td>_gat<\/td><td>Pi\u0161kotek storitve Google Analytics. Pi\u0161kotek se uporablja za uravnavanje \u0161tevila poslanih zahtevkov Google Analytics. Pi\u0161kotek ne vsebuje informacij o uporabniku. Pi\u0161kotek se izbri\u0161e 10 minut po namestitvi.<\/td><td>10 minut.<\/td><\/tr><tr><td>wordpress_logged_in_3054fecbcbdf6e59458543f8aefcff8a<\/td><td>Pi\u0161kotek ki si zapomne prijavljenega uporabnika na strani<\/td><td>Do zaprtja brskalnika.<\/td><\/tr><tr><td>wordpress_sec_3054fecbcbdf6e59458543f8aefcff8a<\/td><td>Pi\u0161kotek z varnostno zastavico<\/td><td>Do zaprtja brskalnika.<\/td><\/tr><tr><td>wordpress_test_cookie<\/td><td>Pi\u0161kotek storitve Visual Website Optimizer, ki slu\u017ei nadzoru anonimne uporabe spletnega mesta za potrebe spreminjanja oblikovne predloge le-tega.<\/td><td>Do zaprtja brskalnika.<\/td><\/tr><tr><td>wp-settings-1<\/td><td>Nastavi se zaradi prilagoditve pogleda strani in (administratorskega) vmesnika.<\/td><td>210 minut od posodobitve strani.<\/td><\/tr><tr><td>wp-settings-time-1<\/td><td>Nastavi se zaradi prilagoditve pogleda strani in (administratorskega) vmesnika.<\/td><td>210 minut od posodobitve strani.<\/td><\/tr><\/tbody><\/table><\/figure>\n\n\n\n<p><strong>Obvezni pi\u0161kotki<\/strong>&nbsp;Ti pi\u0161kotki so nujni za premikanje po spletni strani in uporabo njenih mo\u017enosti, kot je naprimer dostop do varnih obmo\u010dij spletne strani. Brez teh pi\u0161kotkov ni mo\u017eno zagotoviti storitev, ki ste jih zahtevali, naprimer obrazca za nagradno igro ipd.<\/p>\n\n\n\n<p><strong>Izvedbeni pi\u0161kotki<\/strong>&nbsp;Ti pi\u0161kotki zbirajo informacije o na\u010dinu uporabe spletne strani, naprimer katere strani uporabniki najpogosteje obi\u0161\u010dejo, in \u010de se na spletnih straneh pojavijo sporo\u010dila o napaki. Ti pi\u0161kotki ne zbirajo informacij, ki bi lahko identificirale uporabnika. Vse zbrane informacije so zdru\u017eene in anonimne. Ti pi\u0161kotki se uporabljajo samo za izbolj\u0161anje delovanja spletne strani.<\/p>\n\n\n\n<p>Z nadaljevanjem uporabe na\u0161e spletne strani po tem, ko ste dobili obvestilo o pi\u0161kotkih se strinjate, da na va\u0161o napravo namestimo to vrsto pi\u0161kotkov.<\/p>\n\n\n\n<p><strong>Funkcionalni pi\u0161kotki<\/strong>&nbsp;Ti pi\u0161kotki omogo\u010dajo, da si spletna stran zapomni va\u0161e izbrane mo\u017enosti (na primer va\u0161e uporabni\u0161ko ime, jezik ali regijo, kjer se nahajate) in vam ponudi izbolj\u0161ane, bolj osebne mo\u017enosti. Tako na primer na\u0161a spletna stran na kateri ste trenutno nudi prilagojeno vsebino glede na tematiko \u010dlankov, ki jih je uporabnik ozna\u010dil kot priljubljene. Ti pi\u0161kotki si lahko zapomnijo tudi spremembe velikosti \u010drk in pisave ter drugih delov spletne strani, ki jih lahko prilagodite. Uporabni so tudi za zagotavljanje storitev, ki ste jih zahtevali, kot je ogled videoposnetka ali komentiranje na blogu. Informacije, ki jih zbirajo ti pi\u0161kotki, so lahko anonimne in ne sledijo va\u0161emu brskanju po drugih spletnih straneh.<\/p>\n\n\n\n<p>Z nadaljevanjem uporabe na\u0161e spletne strani po tem, ko ste dobili obvestilo o pi\u0161kotkih se strinjate, da na va\u0161o napravo namestimo to vrsto pi\u0161kotkov.<\/p>\n\n\n\n<p><strong>Kako upravljati pi\u0161kotke na osebnem ra\u010dunalniku&nbsp;<\/strong>Klikni za onemogo\u010danje Google Analitike S klikom na \u201conemogo\u010danje Google Analitike\u201d bo analitika onemogo\u010dena za mesec dni.<\/p>\n\n\n\n<p>\u010ce \u017eelite omogo\u010diti pi\u0161kotke na\u0161e spletne strani, sledite spodnjim korakom.<\/p>\n\n\n\n<p><strong>Google Chrome<\/strong><\/p>\n\n\n\n<ol class=\"wp-block-list\">\n<li>Kliknite \u00bbOrodja\u00ab na vrhu va\u0161ega brskalnika in izberite \u00bbNastavitve\u00ab.<\/li>\n\n\n\n<li>Kliknite \u00bbPrika\u017ei dodatne nastavitve\u00ab in se pomaknite do razdelka \u00bbZasebnost\u00ab ter kliknite gumb \u00bbNastavitve vsebine\u00ab.<\/li>\n\n\n\n<li>Izberite \u00bbDovoli nastavljanje lokalnih podatkov\u00ab.<\/li>\n<\/ol>\n\n\n\n<p><strong>Microsoft Internet Explorer 6.0, 7.0, 8.0, 9.0<\/strong><\/p>\n\n\n\n<ol class=\"wp-block-list\">\n<li>Kliknite \u00bbOrodja\u00ab na vrhu va\u0161ega brskalnika in izberite \u00bbInternetne mo\u017enosti\u00ab, nato kliknite zavihek \u00bbZasebnost\u00ab.<\/li>\n\n\n\n<li>Preverite, \u010de je raven va\u0161e zasebnosti nastavljena na srednjo ali manj, kar bo omogo\u010dilo uporabo pi\u0161kotkov v va\u0161em brskalniku.<\/li>\n\n\n\n<li>Nastavitev nad srednjo ravnjo bo onemogo\u010dila uporabo pi\u0161kotkov.<\/li>\n<\/ol>\n\n\n\n<p><strong>Mozilla Firefox<\/strong><\/p>\n\n\n\n<ol class=\"wp-block-list\">\n<li>Kliknite \u00bbOrodja\u00ab na vrhu va\u0161ega brskalnika in izberite \u00bbMo\u017enosti\u00ab. ><\/li>\n\n\n\n<li>Nato izberite ikono \u00bbZasebnost\u00ab. ><\/li>\n\n\n\n<li>Kliknite \u00bbPi\u0161kotki\u00ab in izberite mo\u017enost \u00bbDovoli stranem, da ustvarijo pi\u0161kote\u00ab.<\/li>\n<\/ol>\n\n\n\n<p><strong>Safari<\/strong><\/p>\n\n\n\n<ol class=\"wp-block-list\">\n<li>Kliknite ikono zobnika na vrhu va\u0161ega brskalnika in izberite mo\u017enost \u00bbNastavitve\u00ab.<\/li>\n\n\n\n<li>Kliknite \u00bbZasebnost\u00ab, nato ozna\u010dite mo\u017enost \u00bbOnemogo\u010di uporabo pi\u0161kotkov tretjih oseb in ogla\u0161evalnih pi\u0161kotkov\u00ab.<\/li>\n\n\n\n<li>Kliknite \u00bbShrani\u00ab.<\/li>\n<\/ol>\n\n\n\n<p><strong>Kako upravljati pi\u0161kotke na ra\u010dunalniku Mac<\/strong>&nbsp;\u010ce \u017eelite omogo\u010diti pi\u0161kotke na\u0161e spletne strani, sledite spodnjim korakom.<\/p>\n\n\n\n<p><strong>Microsoft Internet Explorer 5.0 on OSX<\/strong><\/p>\n\n\n\n<ol class=\"wp-block-list\">\n<li>Kliknite \u00bbExplorer\u00ab na vrhu va\u0161ega brskalnika in izberite mo\u017enost \u00bbNastavitve\u00ab.<\/li>\n\n\n\n<li>Pomaknite se navzdol do \u00bbPi\u0161kotki\u00ab v razdelku \u00bbPrejete datoteke\u00ab.<\/li>\n\n\n\n<li>Izberite mo\u017enost \u00bbNikoli ne vpra\u0161aj\u00ab.<\/li>\n<\/ol>\n\n\n\n<p><strong>Safari on OSX<\/strong><\/p>\n\n\n\n<ol class=\"wp-block-list\">\n<li>Kliknite \u00bbSafari\u00ab na vrhu va\u0161ega brskalnika in izberite mo\u017enost \u00bbNastavitve\u00ab.<\/li>\n\n\n\n<li>Kliknite \u00bbZasebnost\u00ab in nato \u00bbOmogo\u010di uporabo pi\u0161kotkov\u00ab.<\/li>\n\n\n\n<li>Izberite \u00bbSamo na obiskanih straneh\u00ab.<\/li>\n<\/ol>\n\n\n\n<p><strong>Mozilla and Netscape on OSX<\/strong><\/p>\n\n\n\n<ol class=\"wp-block-list\">\n<li>Kliknite \u00bbMozilla\u00ab ali \u00bbNetscape\u00ab na vrhu va\u0161ega brskalnika in izberite mo\u017enost \u00bbNastavitve\u00ab.<\/li>\n\n\n\n<li>Pomaknite se navzdol do \u00bbPi\u0161kotki\u00ab v razdelku \u00bbZasebnost in varnost\u00ab.<\/li>\n\n\n\n<li>Izberite \u00bbDovoli pi\u0161kotke samo za izvorno spletno stran\u00ab.<\/li>\n<\/ol>\n\n\n\n<p><strong>Opera<\/strong><\/p>\n\n\n\n<ol class=\"wp-block-list\">\n<li>Kliknite \u00bbMeni\u00ab na vrhu va\u0161ega brskalnika in izberite \u00bbNastavitve\u00ab.<\/li>\n\n\n\n<li>Nato izberite \u00bbMo\u017enosti\u00ab in zavihek \u00bbNapredno\u00ab.<\/li>\n\n\n\n<li>Izberite mo\u017enost \u00bbOmogo\u010di uporabo pi\u0161kotkov\u00ab.<\/li>\n<\/ol>","protected":false},"excerpt":{"rendered":"<p>Da bi vam olaj\u0161ali uporabo na\u0161e spletne strani in jo naredili bolj prijetno, uporabljamo \u00bbpi\u0161kotke\u00ab. Pi\u0161kotki so majhne podatkovne enote, ki nam omogo\u010dajo primerjavo novih in predhodnih obiskovalcev, razumevanje, kako uporabljajo na\u0161o stran. Posredujejo nam podatke, s katerimi lahko naredimo prihodnji obisk spletne strani bolj prijeten in u\u010dinkovit. \u010ce ne \u017eelite uporabljati pi\u0161kotkov, nastavite svoj [&hellip;]<\/p>","protected":false},"author":1,"featured_media":0,"parent":0,"menu_order":0,"comment_status":"closed","ping_status":"closed","template":"","meta":{"footnotes":""},"class_list":["post-446","page","type-page","status-publish","hentry"],"yoast_head":"<!-- This site is optimized with the Yoast SEO plugin v26.2 - https:\/\/yoast.com\/wordpress\/plugins\/seo\/ -->\n<title>Pi\u0161kotki - Jana Modrijan<\/title>\n<meta name=\"description\" content=\"Preerite ve\u010d o pi\u0161kotkih, ki jih uporablja spletna stran Jana Modrijan, zakaj jih potrebujemo in kako lahko upravljate svoje nastavitve.\" \/>\n<meta name=\"robots\" content=\"index, follow, max-snippet:-1, max-image-preview:large, max-video-preview:-1\" \/>\n<link rel=\"canonical\" href=\"https:\/\/www.mavricna-sepetanja.si\/en\/piskotki\/\" \/>\n<meta property=\"og:locale\" content=\"en_US\" \/>\n<meta property=\"og:type\" content=\"article\" \/>\n<meta property=\"og:title\" content=\"Pi\u0161kotki - Jana Modrijan\" \/>\n<meta property=\"og:description\" content=\"Preerite ve\u010d o pi\u0161kotkih, ki jih uporablja spletna stran Jana Modrijan, zakaj jih potrebujemo in kako lahko upravljate svoje nastavitve.\" \/>\n<meta property=\"og:url\" content=\"https:\/\/www.mavricna-sepetanja.si\/en\/piskotki\/\" \/>\n<meta property=\"og:site_name\" content=\"Jana Modrijan\" \/>\n<meta property=\"article:modified_time\" content=\"2025-11-19T12:21:47+00:00\" \/>\n<meta name=\"twitter:card\" content=\"summary_large_image\" \/>\n<meta name=\"twitter:label1\" content=\"Est. reading time\" \/>\n\t<meta name=\"twitter:data1\" content=\"5 minutes\" \/>\n<script type=\"application\/ld+json\" class=\"yoast-schema-graph\">{\"@context\":\"https:\/\/schema.org\",\"@graph\":[{\"@type\":\"WebPage\",\"@id\":\"https:\/\/www.mavricna-sepetanja.si\/piskotki\/\",\"url\":\"https:\/\/www.mavricna-sepetanja.si\/piskotki\/\",\"name\":\"Pi\u0161kotki - Jana Modrijan\",\"isPartOf\":{\"@id\":\"https:\/\/www.mavricna-sepetanja.si\/#website\"},\"datePublished\":\"2025-11-03T09:21:19+00:00\",\"dateModified\":\"2025-11-19T12:21:47+00:00\",\"description\":\"Preerite ve\u010d o pi\u0161kotkih, ki jih uporablja spletna stran Jana Modrijan, zakaj jih potrebujemo in kako lahko upravljate svoje nastavitve.\",\"breadcrumb\":{\"@id\":\"https:\/\/www.mavricna-sepetanja.si\/piskotki\/#breadcrumb\"},\"inLanguage\":\"en-US\",\"potentialAction\":[{\"@type\":\"ReadAction\",\"target\":[\"https:\/\/www.mavricna-sepetanja.si\/piskotki\/\"]}]},{\"@type\":\"BreadcrumbList\",\"@id\":\"https:\/\/www.mavricna-sepetanja.si\/piskotki\/#breadcrumb\",\"itemListElement\":[{\"@type\":\"ListItem\",\"position\":1,\"name\":\"Home\",\"item\":\"https:\/\/www.mavricna-sepetanja.si\/\"},{\"@type\":\"ListItem\",\"position\":2,\"name\":\"Pi\u0161kotki\"}]},{\"@type\":\"WebSite\",\"@id\":\"https:\/\/www.mavricna-sepetanja.si\/#website\",\"url\":\"https:\/\/www.mavricna-sepetanja.si\/\",\"name\":\"Jana Modrijan\",\"description\":\"Pot nazaj k sebi.\",\"potentialAction\":[{\"@type\":\"SearchAction\",\"target\":{\"@type\":\"EntryPoint\",\"urlTemplate\":\"https:\/\/www.mavricna-sepetanja.si\/?s={search_term_string}\"},\"query-input\":{\"@type\":\"PropertyValueSpecification\",\"valueRequired\":true,\"valueName\":\"search_term_string\"}}],\"inLanguage\":\"en-US\"}]}<\/script>\n<!-- \/ Yoast SEO plugin. -->","yoast_head_json":{"title":"Pi\u0161kotki - Jana Modrijan","description":"Preerite ve\u010d o pi\u0161kotkih, ki jih uporablja spletna stran Jana Modrijan, zakaj jih potrebujemo in kako lahko upravljate svoje nastavitve.","robots":{"index":"index","follow":"follow","max-snippet":"max-snippet:-1","max-image-preview":"max-image-preview:large","max-video-preview":"max-video-preview:-1"},"canonical":"https:\/\/www.mavricna-sepetanja.si\/en\/piskotki\/","og_locale":"en_US","og_type":"article","og_title":"Pi\u0161kotki - Jana Modrijan","og_description":"Preerite ve\u010d o pi\u0161kotkih, ki jih uporablja spletna stran Jana Modrijan, zakaj jih potrebujemo in kako lahko upravljate svoje nastavitve.","og_url":"https:\/\/www.mavricna-sepetanja.si\/en\/piskotki\/","og_site_name":"Jana Modrijan","article_modified_time":"2025-11-19T12:21:47+00:00","twitter_card":"summary_large_image","twitter_misc":{"Est. reading time":"5 minutes"},"schema":{"@context":"https:\/\/schema.org","@graph":[{"@type":"WebPage","@id":"https:\/\/www.mavricna-sepetanja.si\/piskotki\/","url":"https:\/\/www.mavricna-sepetanja.si\/piskotki\/","name":"Pi\u0161kotki - Jana Modrijan","isPartOf":{"@id":"https:\/\/www.mavricna-sepetanja.si\/#website"},"datePublished":"2025-11-03T09:21:19+00:00","dateModified":"2025-11-19T12:21:47+00:00","description":"Preerite ve\u010d o pi\u0161kotkih, ki jih uporablja spletna stran Jana Modrijan, zakaj jih potrebujemo in kako lahko upravljate svoje nastavitve.","breadcrumb":{"@id":"https:\/\/www.mavricna-sepetanja.si\/piskotki\/#breadcrumb"},"inLanguage":"en-US","potentialAction":[{"@type":"ReadAction","target":["https:\/\/www.mavricna-sepetanja.si\/piskotki\/"]}]},{"@type":"BreadcrumbList","@id":"https:\/\/www.mavricna-sepetanja.si\/piskotki\/#breadcrumb","itemListElement":[{"@type":"ListItem","position":1,"name":"Home","item":"https:\/\/www.mavricna-sepetanja.si\/"},{"@type":"ListItem","position":2,"name":"Pi\u0161kotki"}]},{"@type":"WebSite","@id":"https:\/\/www.mavricna-sepetanja.si\/#website","url":"https:\/\/www.mavricna-sepetanja.si\/","name":"Jana Modrijan","description":"Pot nazaj k sebi.","potentialAction":[{"@type":"SearchAction","target":{"@type":"EntryPoint","urlTemplate":"https:\/\/www.mavricna-sepetanja.si\/?s={search_term_string}"},"query-input":{"@type":"PropertyValueSpecification","valueRequired":true,"valueName":"search_term_string"}}],"inLanguage":"en-US"}]}},"_links":{"self":[{"href":"https:\/\/www.mavricna-sepetanja.si\/en\/wp-json\/wp\/v2\/pages\/446","targetHints":{"allow":["GET"]}}],"collection":[{"href":"https:\/\/www.mavricna-sepetanja.si\/en\/wp-json\/wp\/v2\/pages"}],"about":[{"href":"https:\/\/www.mavricna-sepetanja.si\/en\/wp-json\/wp\/v2\/types\/page"}],"author":[{"embeddable":true,"href":"https:\/\/www.mavricna-sepetanja.si\/en\/wp-json\/wp\/v2\/users\/1"}],"replies":[{"embeddable":true,"href":"https:\/\/www.mavricna-sepetanja.si\/en\/wp-json\/wp\/v2\/comments?post=446"}],"version-history":[{"count":2,"href":"https:\/\/www.mavricna-sepetanja.si\/en\/wp-json\/wp\/v2\/pages\/446\/revisions"}],"predecessor-version":[{"id":450,"href":"https:\/\/www.mavricna-sepetanja.si\/en\/wp-json\/wp\/v2\/pages\/446\/revisions\/450"}],"wp:attachment":[{"href":"https:\/\/www.mavricna-sepetanja.si\/en\/wp-json\/wp\/v2\/media?parent=446"}],"curies":[{"name":"wp","href":"https:\/\/api.w.org\/{rel}","templated":true}]}}